{"id":1001,"date":"2023-09-28T03:38:13","date_gmt":"2023-09-28T01:38:13","guid":{"rendered":"http:\/\/www.tfhquiz.fr\/wordpress\/condition-dutilisation\/"},"modified":"2023-09-28T04:00:55","modified_gmt":"2023-09-28T02:00:55","slug":"condition-dutilisation","status":"publish","type":"page","link":"https:\/\/www.tfhquiz.fr\/de\/condition-dutilisation\/","title":{"rendered":"Bedingungen f\u00fcr die Nutzung"},"content":{"rendered":"\n<p>Allgemeine Nutzungsbedingungen f\u00fcr die Anwendung TFH Quiz (im Folgenden &#8220;ANB&#8221;).<\/p>\n\n\n\n<p>Das Studio Tergimax, SIRET 82846197000018, (im Folgenden &#8220;Studio Tergimax&#8221;) betreibt eine mobile Anwendung mit dem Namen &#8220;TFH Quiz&#8221; (im Folgenden &#8220;die Anwendung&#8221;).<\/p>\n\n\n\n<p>Diese Anwendung bietet den Nutzern Funktionen, die das Studium von Touch For Health erleichtern sollen. Die Nutzer erkl\u00e4ren, dass sie alle notwendigen Vorsichtsma\u00dfnahmen f\u00fcr die Aus\u00fcbung der Anwendung ergreifen.<\/p>\n\n\n\n<p>1. Gegenstand der AGB und geltende Fassung<\/p>\n\n\n\n<p>1.1. Die vorliegenden Allgemeinen Nutzungsbedingungen (nachfolgend &#8220;ANB&#8221;) gelten zwischen Studio Tergimax und jeder nat\u00fcrlichen oder juristischen Person, die die mobile Anwendung TFH Quiz nutzt (nachfolgend &#8220;Nutzer&#8221;).<\/p>\n\n\n\n<p>1.2. Das Ziel dieser AGB ist es, die Bedingungen zu definieren, unter denen die Nutzer auf die Anwendung zugreifen und sie nutzen k\u00f6nnen, sowie die Rechte und Pflichten von Studio Tergimax und des Nutzers im Rahmen der Nutzung der Anwendung.<\/p>\n\n\n\n<p>1.3. Die Tatsache, dass der Nutzer das K\u00e4stchen im Registrierungsformular mit der Angabe &#8220;Ich habe verstanden&#8221; best\u00e4tigt, bedeutet, dass der Nutzer die vorliegenden AGB, die f\u00fcr die Nutzung der Anwendung wie unten beschrieben gelten, anerkennt und vorbehaltlos akzeptiert.<\/p>\n\n\n\n<p>1.4. Studio Tergimax kann die vorliegenden AGB jederzeit und ohne Vorank\u00fcndigung \u00e4ndern, um insbesondere gesetzliche, rechtliche, redaktionelle und\/oder technische Entwicklungen zu ber\u00fccksichtigen. Studio Tergimax wird den Nutzer bei der n\u00e4chsten Aktualisierung der Anwendung dar\u00fcber informieren. Die weitere Nutzung der Anwendung nach der Information \u00fcber die \u00c4nderung der AGB f\u00fchrt dazu, dass der Nutzer die \u00c4nderungen der AGB akzeptiert. Ma\u00dfgeblich ist die Version der AGB, die in der Anwendung zug\u00e4nglich ist.<\/p>\n\n\n\n<p>1.5. Die vorliegenden AGB traten am 21.12.2022 in Kraft.<\/p>\n\n\n\n<p>1.6. Sollte eine der Klauseln der AGB f\u00fcr rechtswidrig erkl\u00e4rt werden, wird nur diese Klausel au\u00dfer Kraft gesetzt. Die Rechtm\u00e4\u00dfigkeit der anderen Klauseln der AGB, die weiterhin gelten w\u00fcrden, k\u00f6nnte nicht in Frage gestellt werden.<\/p>\n\n\n\n<p>1.7. Die vorliegenden AGB dr\u00fccken die gesamten Verpflichtungen der Parteien aus, unter Ausschluss aller anderen Dokumente oder Vertr\u00e4ge.<\/p>\n\n\n\n<p>2. Funktionsweise der Anwendung<\/p>\n\n\n\n<p>2.1. Beschreibung der Anwendung TFH Quiz ist eine mobile Anwendung, die ihren Nutzern Folgendes erm\u00f6glicht<\/p>\n\n\n\n<p>(i) Zugang zu Informationen und Erkl\u00e4rungen \u00fcber die Praxis von Touch For Health zu erhalten, und zwar f\u00fcr jeden K\u00f6rperteil,<\/p>\n\n\n\n<p>(ii) Notizen zu machen, ohne dass diese Notizen in der Anwendung gespeichert werden k\u00f6nnen oder der Nutzer sie auf seinem eigenen mobilen Endger\u00e4t abrufen kann. Die Anwendung bietet zahlreiche Informationen mit informativem und p\u00e4dagogischem Charakter in Bezug auf das Lernen im Zusammenhang mit Touch For Health. Studio Tergimax unternimmt alle Anstrengungen, um den Nutzern relevante und aktuelle Inhalte anzubieten. Da diese Inhalte sich weiterentwickeln und aufgrund der Materie interpretierbar sind, kann Studio Tergimax nicht f\u00fcr Ungenauigkeiten, Auslassungen oder Fehler haftbar gemacht werden. Studio Tergimax beh\u00e4lt sich die M\u00f6glichkeit vor, jeden anderen Service anzubieten, den sie f\u00fcr n\u00fctzlich h\u00e4lt, in einer Form und mit den Funktionalit\u00e4ten und technischen Mitteln, die sie f\u00fcr am besten geeignet h\u00e4lt.<\/p>\n\n\n\n<p>2.2. Nutzer der Anwendung Der Nutzer muss eine vollj\u00e4hrige nat\u00fcrliche Person oder eine juristische Person sein, die im Handelsregister eingetragen ist, \u00fcber die erforderliche Rechtsf\u00e4higkeit verf\u00fcgen, um die gew\u00fcnschten Dienstleistungen zu subskribieren, und Inhaber einer Kreditkarte sein. Die Anwendung ist ausschlie\u00dflich f\u00fcr Personen zug\u00e4nglich, die erkl\u00e4ren, dass sie \u00fcber alle notwendigen Vorsichtsma\u00dfnahmen f\u00fcr die Nutzung der Anwendung verf\u00fcgen.<\/p>\n\n\n\n<p>2.3 Herunterladen der Anwendung Die Anwendung kann heruntergeladen und auf Mobiltelefonen und Tablet-PCs genutzt werden. Der Nutzer muss die Anwendung unter seiner alleinigen und ausschlie\u00dflichen Verantwortung von einer geeigneten Plattform zum Herunterladen von Anwendungen herunterladen, die f\u00fcr die Computerausr\u00fcstung des Nutzers geeignet ist. Dieser Download unterliegt den eigenen Nutzungsbedingungen der genannten Download-Plattform.<\/p>\n\n\n\n<p>2.4. Zahlungsmodalit\u00e4ten<\/p>\n\n\n\n<p>2.4.1. Der Zugang zu den Funktionen der Anwendung ist kostenpflichtig. Um Zugang zu den kostenpflichtigen Funktionen der Anwendung zu erhalten, muss der Nutzer die Zahlung des gesamten Betrags\/der gesamten Betr\u00e4ge leisten, der\/die von der Download-Plattform zum Zeitpunkt der Best\u00e4tigung der Bestellung angek\u00fcndigt wurde(n).<\/p>\n\n\n\n<p>2.4.3. Updates der Anwendung, die Studio Tergimax gegebenenfalls vornimmt, k\u00f6nnen vom Nutzer kostenlos heruntergeladen werden. Wenn die Anwendung aktualisiert wird, bietet sie dem Nutzer neue Funktionen, die entweder kostenpflichtig oder kostenlos sind. Die neuen Funktionen, die von der aktualisierten Anwendung angeboten werden, k\u00f6nnen vom Nutzer kostenlos \u00fcber die Download-Plattform heruntergeladen werden. Um Zugang zu den kostenpflichtigen Funktionen der aktualisierten Anwendung zu erhalten und diese zu nutzen, muss der Nutzer die Zahlung des gesamten Betrags\/der gesamten Betr\u00e4ge leisten, der\/die von der Download-Plattform zum Zeitpunkt der Best\u00e4tigung der Bestellung angek\u00fcndigt wird\/werden und der\/die sich nach der Anzahl der Funktionen und\/oder dem\/den vom Nutzer gew\u00e4hlten Paket(en) richtet\/bestimmen.<\/p>\n\n\n\n<p>2.4.4. Die Preise sind in Euro angegeben und die eventuell in anderen W\u00e4hrungen ausgedr\u00fcckten Betr\u00e4ge werden nur zu Informationszwecken genannt. Der zum Zeitpunkt der Zahlung angegebene Preis ist inklusive aller Steuern (Preis inkl. MwSt.) und schlie\u00dft die Mehrwertsteuer zum jeweils geltenden Satz ein, wenn der Verkauf dieser Steuer unterliegt.<\/p>\n\n\n\n<p>2.4.5. Studio Tergimax \u00fcbernimmt keine Verantwortung f\u00fcr die Bezahlung der Anwendung und ihrer verschiedenen kostenpflichtigen Funktionen, da diese ausschlie\u00dflich den oben genannten Download-Plattformen obliegt, die alle Zahlungsbedingungen und -modalit\u00e4ten in Bezug auf diese Zahlungen verwalten. Studio Tergimax kann daher unter keinen Umst\u00e4nden in dieser Hinsicht haftbar gemacht werden.<\/p>\n\n\n\n<p>2.5. Nutzung der Anwendung<\/p>\n\n\n\n<p>2.5.1. Die Anwendung verf\u00fcgt \u00fcber die Technologie, die derzeit f\u00fcr ihren Zugang und ihre Nutzung erforderlich ist, wobei das Vorhandensein von Viren oder anderen sch\u00e4dlichen Elementen, die auf beliebige Weise oder durch Dritte eingef\u00fchrt werden und die Ver\u00e4nderungen in den Computersystemen des Nutzers hervorrufen k\u00f6nnen, nicht ausgeschlossen werden kann.<\/p>\n\n\n\n<p>2.5.2. Studio Tergimax beh\u00e4lt sich das Recht vor, nach eigenem Ermessen und einseitig, jederzeit und ohne vorherige Ank\u00fcndigung, die Konfiguration der Anwendung, die angebotenen Dienste oder Inhalte zu \u00e4ndern, wie auch das Recht, diese zu entfernen, einzuschr\u00e4nken, auszusetzen oder den Zugang vor\u00fcbergehend oder dauerhaft zu verbieten.<\/p>\n\n\n\n<p>3. Beschr\u00e4nkung der Haftung<\/p>\n\n\n\n<p>3.1. Der Nutzer erkennt an, dass die Informationen und ganz allgemein die Inhalte, die in der Anwendung verf\u00fcgbar sind, zu informativen und p\u00e4dagogischen Zwecken bereitgestellt werden, um eine optimale Nutzung der Anwendung zu erm\u00f6glichen, aber in keinem Fall eine Haftung von Studio Tergimax begr\u00fcnden k\u00f6nnen.<\/p>\n\n\n\n<p>3.2. Studio Tergimax \u00fcbernimmt keine Garantie, weder ausdr\u00fccklich noch implizit, f\u00fcr das Funktionieren der Anwendung, insbesondere im Hinblick auf technische Probleme, die auftreten k\u00f6nnten.<\/p>\n\n\n\n<p>3.3. Studio Tergimax kann unter keinen Umst\u00e4nden f\u00fcr den Verlust von Informationen haftbar gemacht werden, die in der Notizfunktion der Anwendung enthalten sind, da die aktuelle Version der Anwendung es nicht erlaubt, die vom Nutzer \u00fcber diese Funktion geschriebenen Inhalte zu speichern.<\/p>\n\n\n\n<p>3.4. Studio Tergimax kann unter keinen Umst\u00e4nden f\u00fcr die Nutzung der Anwendung durch den Nutzer haftbar gemacht werden, da der Nutzer erkl\u00e4rt, dass er sich der gesundheitlichen und medizinischen Aspekte der Nutzung der Anwendung voll bewusst ist und sich verpflichtet hat, alle notwendigen Vorsichtsma\u00dfnahmen zu treffen, einschlie\u00dflich Sicherheits- und\/oder Hygienema\u00dfnahmen, die f\u00fcr die Nutzung der Anwendung erforderlich sind.<\/p>\n\n\n\n<p>3.5. Studio Tergimax ist nicht verantwortlich f\u00fcr die Nichteinhaltung der gesetzlichen Verpflichtungen durch die Nutzer, die mit der Nutzung der Anwendung verbunden sind, insbesondere wenn die Nutzer die Anwendung nutzen, um Touch For Health an Drittpersonen durchzuf\u00fchren, da Studio Tergimax nicht in die Beziehung zwischen dem Nutzer und dieser Drittperson eingreift.<\/p>\n\n\n\n<p>3.6. Studio Tergimax kann nicht f\u00fcr Inkompatibilit\u00e4ten, Fehlfunktionen oder andere technische Probleme zwischen der Nutzung der Anwendungsdienste und der Computerausr\u00fcstung des Nutzers verantwortlich gemacht werden.<\/p>\n\n\n\n<p>3.7. Studio Tergimax kann in keiner Weise f\u00fcr die Risiken einer Kontamination durch Viren, Eindringversuche usw., die durch die Nutzung der Anwendung entstehen k\u00f6nnen, haftbar gemacht werden.<\/p>\n\n\n\n<p>3.8. Studio Tergimax wird alles in seiner Macht stehende tun, um die Kontinuit\u00e4t des Dienstes zu gew\u00e4hrleisten, unterliegt jedoch nur einer Mittelverpflichtung. Studio Tergimax gibt keine ausdr\u00fccklichen oder stillschweigenden Garantien, einschlie\u00dflich, aber nicht beschr\u00e4nkt auf die Kontinuit\u00e4t und den Fortbestand der Anwendung, die Leistung der Anwendung, die Eignung oder Kompatibilit\u00e4t der Anwendung f\u00fcr einen bestimmten Zweck, die Qualit\u00e4t oder die Abwesenheit von M\u00e4ngeln oder Defekten der Anwendung, den Ausschluss und die Nichtverletzung von Gesetzen und Vorschriften oder dieser AGB der Anwendung durch andere Nutzer.<\/p>\n\n\n\n<p>3.9. Der Nutzer erkennt an, dass die Nutzung der Anwendung auf sein eigenes Risiko erfolgt. Die Anwendung wird ihm &#8220;wie besehen&#8221; zur Verf\u00fcgung gestellt und ist ohne jegliche Garantie der Verf\u00fcgbarkeit und Regelm\u00e4\u00dfigkeit zug\u00e4nglich. Studio Tergimax wird sich bem\u00fchen, die Anwendung 24 Stunden am Tag, sieben Tage die Woche zug\u00e4nglich zu machen, au\u00dfer im Falle h\u00f6herer Gewalt oder eines Ereignisses, das au\u00dferhalb der Kontrolle von Studio Tergimax liegt, und vorbehaltlich der Wartungsperioden, eventueller Pannen, technischer Unw\u00e4gbarkeiten aufgrund der Natur des Netzwerks oder b\u00f6swilliger Handlungen oder jeglicher Beeintr\u00e4chtigung der Hardware oder der Software von Studio Tergimax. Studio Tergimax kann den Zugang zur Anwendung vor\u00fcbergehend und ohne Vorank\u00fcndigung unterbrechen, aussetzen oder \u00e4ndern, insbesondere aus Sicherheitsgr\u00fcnden, zur Umstrukturierung von Maschinenressourcen, zur Wartung oder Verbesserung der Anwendung oder zur Verbesserung der Verf\u00fcgbarkeit von Informationen \u00fcber das Internet. Soweit m\u00f6glich, wird Studio Tergimax den Nutzer vorab \u00fcber eine solche Unterbrechung der Anwendung informieren. In jedem Fall wird sich Studio Tergimax nach besten Kr\u00e4ften bem\u00fchen, dass die Unterbrechung den Nutzer so wenig wie m\u00f6glich beeintr\u00e4chtigt. Studio Tergimax kann nicht f\u00fcr eventuelle Sch\u00e4den haftbar gemacht werden, die durch diese Unterbrechungen entstehen, einschlie\u00dflich Datenverlusten.<\/p>\n\n\n\n<p>3.10. Studio Tergimax kann unter keinen Umst\u00e4nden f\u00fcr eine Unterbrechung der gesamten Anwendung oder eines Teils davon haftbar gemacht werden, unabh\u00e4ngig von der Ursache, der Dauer oder der H\u00e4ufigkeit einer solchen Unterbrechung.<\/p>\n\n\n\n<p>3.11. In keinem Fall kann Studio Tergimax haftbar gemacht werden f\u00fcr Fehler, Versagen, Unterlassungen oder Fahrl\u00e4ssigkeit des Nutzers, f\u00fcr h\u00f6here Gewalt, Ereignisse oder Vorf\u00e4lle, die au\u00dferhalb der Kontrolle von Studio Tergimax liegen, wie Streiks, soziale Unruhen, Naturkatastrophen, Feuer usw., sowie f\u00fcr Fehler, Fahrl\u00e4ssigkeit oder Unterlassungen von Dritten, \u00fcber die Studio Tergimax keine Kontroll- oder \u00dcberwachungsmacht hat.<\/p>\n\n\n\n<p>3.12. Keine Ratschl\u00e4ge und Informationen, ob m\u00fcndlich oder schriftlich, die der Nutzer der Anwendung erh\u00e4lt, k\u00f6nnen Garantien begr\u00fcnden, die nicht ausdr\u00fccklich in den vorliegenden AGB vorgesehen sind.<\/p>\n\n\n\n<p>4. Pflichten der Nutzer<\/p>\n\n\n\n<p>4.1. Der Nutzer verpflichtet sich, bei der Nutzung der Anwendung die geltenden Gesetze zu beachten.<\/p>\n\n\n\n<p>4.2. Der Nutzer ist allein verantwortlich f\u00fcr seine Nutzung der Anwendung sowie f\u00fcr das ordnungsgem\u00e4\u00dfe Funktionieren seiner Computerausr\u00fcstung. Der Nutzer ist dar\u00fcber informiert und akzeptiert, dass er f\u00fcr die Implementierung der Anwendung mit dem Internet verbunden sein muss und dass die Qualit\u00e4t der Anwendung direkt von dieser Verbindung abh\u00e4ngt, f\u00fcr die er allein verantwortlich ist.<\/p>\n\n\n\n<p>4.3. Der Nutzer ist auch allein verantwortlich f\u00fcr den Schutz seiner Computerausr\u00fcstung gegen Viren, Eindringversuche usw.<\/p>\n\n\n\n<p>4.4 Durch die Annahme der vorliegenden AGB und ganz allgemein durch die Nutzung der Anwendung erkennt der Nutzer an, dass er sich der medizinischen Herausforderungen bewusst ist, die mit der Nutzung der Anwendung verbunden sind, und verpflichtet sich, alle notwendigen Vorsichtsma\u00dfnahmen und Sicherheits- und\/oder Hygienema\u00dfnahmen zu ergreifen, die f\u00fcr die Nutzung der Anwendung n\u00fctzlich sind. Der Nutzer erkennt an, dass die Anwendung ihm eine zus\u00e4tzliche, nicht alternative M\u00f6glichkeit bietet, von einem p\u00e4dagogischen Instrument zu profitieren, mit dem er sein Wissen und seine beruflichen F\u00e4higkeiten erweitern kann, und dass diese L\u00f6sung nicht die anderen Mittel ersetzen kann, die dem Nutzer anderweitig zur Verf\u00fcgung stehen, um das gleiche Ziel zu erreichen. Dar\u00fcber hinaus verpflichtet sich der Nutzer, Studio Tergimax so schnell wie m\u00f6glich \u00fcber ungenaue, fehlende oder fehlerhafte Informationen oder Inhalte zu informieren, indem er eine E-Mail an contact@Tergimax.com sendet.<\/p>\n\n\n\n<p>4.5. Der Nutzer verpflichtet sich, nicht zu versuchen, die Funktionsweise der Anwendung zu beeintr\u00e4chtigen.<\/p>\n\n\n\n<p>4.6. Die Nutzung der Anwendung ist Nutzern untersagt, deren Zugang zur Anwendung von Studio Tergimax absichtlich ausgesetzt oder gel\u00f6scht wurde.<\/p>\n\n\n\n<p>4.7. Im Falle des Bekanntwerdens einer offensichtlich rechtswidrigen Handlung eines Nutzers und\/oder im Falle der Verletzung der Bestimmungen dieser AGB und\/oder jeglicher gesetzlicher oder regulatorischer Verpflichtungen, kann Studio Tergimax den Zugang des Nutzers zur Anwendung sofort, ohne Vorank\u00fcndigung oder Entsch\u00e4digung aussetzen oder beenden und ihm den Zugang zur gesamten Anwendung oder zu Teilen der Anwendung vor\u00fcbergehend oder dauerhaft verweigern. Studio Tergimax beh\u00e4lt sich das Recht vor, jede Nutzung der Anwendung, die nicht mit den vorliegenden AGB \u00fcbereinstimmt, vor den zust\u00e4ndigen Justizbeh\u00f6rden zu verfolgen. Im Falle eines unangemessenen Verhaltens des Nutzers und\/oder einer Nichteinhaltung der vorliegenden AGB, die nach alleinigem Ermessen von Studio Tergimax beurteilt werden, beh\u00e4lt sich Studio Tergimax das Recht vor, den Zugang des Nutzers zur Anwendung ohne Vorank\u00fcndigung und ohne Entsch\u00e4digung zu unterbrechen oder zu l\u00f6schen. Studio Tergimax beh\u00e4lt sich au\u00dferdem das Recht vor, jede Nutzung der Anwendung, die nicht mit den vorliegenden AGB \u00fcbereinstimmt, bei den zust\u00e4ndigen Justizbeh\u00f6rden zu verfolgen.<\/p>\n\n\n\n<p>5. Verbotene Verhaltensweisen<\/p>\n\n\n\n<p>5.1 Es ist strengstens untersagt, die Anwendung f\u00fcr die folgenden Zwecke zu nutzen: Die Aus\u00fcbung illegaler, betr\u00fcgerischer oder die Rechte oder die Sicherheit Dritter verletzender Aktivit\u00e4ten; die St\u00f6rung der \u00f6ffentlichen Ordnung oder die Verletzung geltender Gesetze und Vorschriften; das Eindringen in das Computersystem eines Dritten oder jede Aktivit\u00e4t, die das Computersystem eines Dritten ganz oder teilweise sch\u00e4digt, kontrolliert, st\u00f6rt oder abf\u00e4ngt, seine Integrit\u00e4t oder Sicherheit verletzt; und ganz allgemein jede Praxis, die die Anwendung f\u00fcr andere Zwecke als die, f\u00fcr die sie konzipiert wurde, missbraucht.<\/p>\n\n\n\n<p>5.2 Den Nutzern ist es strengstens untersagt, das Konzept, die Technologien oder andere Elemente der Anwendung zu kopieren und\/oder f\u00fcr ihre Zwecke oder die Zwecke Dritter zu missbrauchen.<\/p>\n\n\n\n<p>5.3. Ebenfalls strengstens untersagt sind: alle Verhaltensweisen, die die Kontinuit\u00e4t der Anwendung unterbrechen, aussetzen, verlangsamen oder verhindern; alle Eingriffe oder Versuche, in die Systeme von Studio Tergimax einzudringen; alle Umleitungen der Systemressourcen der Anwendung; alle Handlungen, die die finanziellen, kommerziellen oder moralischen Rechte und Interessen von Studio Tergimax oder der Nutzer der Anwendung verletzen; und schlie\u00dflich ganz allgemein alle Verst\u00f6\u00dfe gegen die vorliegenden AGB.<\/p>\n\n\n\n<p>5.4 Es ist strengstens untersagt, den Zugang zur Anwendung ganz oder teilweise zu Geld zu machen, zu verkaufen oder zu konzessionieren.<\/p>\n\n\n\n<p>6. Geistiges Eigentum<\/p>\n\n\n\n<p>Ohne Anspruch auf Vollst\u00e4ndigkeit sind die Marke &#8220;TFH Quiz&#8221; und ihre Ableitungen, die Logos, die Grafik, die Anordnung, die Informationen, die Pr\u00e4sentation und die Inhalte der Anwendung, einschlie\u00dflich insbesondere der Texte und Informationen, das ausschlie\u00dfliche Eigentum von Studio Tergimax.<\/p>\n\n\n\n<p>Die Systeme, Software, Strukturen, Infrastrukturen, Datenbanken und Inhalte jeglicher Art (Texte, Bilder, Visualisierungen, Musik, Logos, Marken, Datenbanken usw.), die von Studio Tergimax innerhalb der Anwendung betrieben werden, sind ebenfalls durch alle geltenden geistigen Eigentumsrechte oder Rechte der Datenbankproduzenten gesch\u00fctzt. Alle Disassemblierungen, Dekompilierungen, Entschl\u00fcsselungen, Extraktionen, Wiederverwendungen, Kopien und ganz allgemein alle Handlungen zur Reproduktion, Darstellung, Verbreitung und Nutzung eines dieser Elemente, ganz oder teilweise, ohne die Genehmigung von Studio Tergimax sind strengstens untersagt und k\u00f6nnen gerichtlich verfolgt werden. Jede vollst\u00e4ndige oder teilweise Vervielf\u00e4ltigung oder Darstellung der Anwendung oder der Elemente, aus denen sie besteht, wie z. B. Marken, Logos, Grafiken, Layout, Informationen, Pr\u00e4sentation und Inhalte der Anwendung, ohne dass diese Liste ersch\u00f6pfend ist, ist strengstens untersagt. Die Tatsache, dass der Nutzer Zugriff auf die Anwendung hat, bedeutet keine \u00dcbertragung von Rechten des geistigen Eigentums an den Nutzer.<\/p>\n\n\n\n<p>7. Sprache<\/p>\n\n\n\n<p>Falls die vorliegenden Allgemeinen Gesch\u00e4ftsbedingungen in eine oder mehrere Sprachen \u00fcbersetzt werden, gilt im Falle von Widerspr\u00fcchen oder Streitigkeiten \u00fcber die Bedeutung eines Begriffs oder einer Bestimmung die franz\u00f6sische Sprache als Auslegungssprache.<\/p>\n\n\n\n<p>8. Garantien<\/p>\n\n\n\n<p>Der Nutzer sch\u00fctzt Studio Tergimax vor allen Beschwerden, Reklamationen, Klagen und\/oder Anspr\u00fcchen, die Studio Tergimax aufgrund der Verletzung einer seiner Verpflichtungen oder Garantien im Rahmen der vorliegenden Allgemeinen Gesch\u00e4ftsbedingungen durch den Nutzer entstehen k\u00f6nnten. Er verpflichtet sich, Studio Tergimax f\u00fcr alle Sch\u00e4den zu entsch\u00e4digen, die es erleidet, und alle Kosten, Geb\u00fchren und\/oder Verurteilungen zu zahlen, die es aus diesem Grund zu tragen hat.<\/p>\n\n\n\n<p>9. Kein Verzicht<\/p>\n\n\n\n<p>Die Tatsache, dass Studio Tergimax sich nicht auf eine Nichterf\u00fcllung oder einen Versto\u00df des Nutzers gegen eine seiner vertraglichen oder gesetzlichen Verpflichtungen beruft, kann nicht als Verzicht auf die Geltendmachung dieser Nichterf\u00fcllung oder dieses Versto\u00dfes ausgelegt werden. Die Tatsache, dass Studio Tergimax sich nicht auf eine Bestimmung der AGB beruft, bedeutet keinen Verzicht auf die Vorteile dieser Bestimmung.<\/p>\n\n\n\n<p>10. Anwendbares Recht und Gerichtsbarkeit<\/p>\n\n\n\n<p>Die vorliegenden AGB unterliegen dem franz\u00f6sischen Recht. Alle Streitigkeiten zwischen Studio Tergimax und einem Nutzer, insbesondere in Bezug auf die Entstehung, Ausf\u00fchrung, Interpretation, G\u00fcltigkeit, Beendigung oder Aufl\u00f6sung dieser AGB, auch in Bezug auf Sicherungsma\u00dfnahmen, Eilverfahren, einstweilige Verf\u00fcgungen, Klagen, Antr\u00e4ge oder mehrere Beklagte, fallen in die Zust\u00e4ndigkeit der Gerichte in Paris, au\u00dfer wenn diese Zust\u00e4ndigkeit aufgrund der Eigenschaft einer der Parteien oder einer Verfahrensfrage nicht anwendbar ist.<\/p>\n","protected":false},"excerpt":{"rendered":"<p>Allgemeine Nutzungsbedingungen f\u00fcr die Anwendung TFH Quiz (im Folgenden &#8220;ANB&#8221;). Das Studio Tergimax, SIRET 82846197000018, (im Folgenden &#8220;Studio Tergimax&#8221;) betreibt eine mobile Anwendung mit dem Namen &#8220;TFH Quiz&#8221; (im Folgenden &#8220;die Anwendung&#8221;). Diese Anwendung bietet den Nutzern Funktionen, die das Studium von Touch For Health erleichtern sollen. Die Nutzer erkl\u00e4ren, dass sie alle notwendigen Vorsichtsma\u00dfnahmen [&hellip;]<\/p>\n","protected":false},"author":1,"featured_media":0,"parent":0,"menu_order":0,"comment_status":"closed","ping_status":"closed","template":"","meta":{"footnotes":""},"class_list":["post-1001","page","type-page","status-publish","hentry"],"_links":{"self":[{"href":"https:\/\/www.tfhquiz.fr\/de\/wp-json\/wp\/v2\/pages\/1001","targetHints":{"allow":["GET"]}}],"collection":[{"href":"https:\/\/www.tfhquiz.fr\/de\/wp-json\/wp\/v2\/pages"}],"about":[{"href":"https:\/\/www.tfhquiz.fr\/de\/wp-json\/wp\/v2\/types\/page"}],"author":[{"embeddable":true,"href":"https:\/\/www.tfhquiz.fr\/de\/wp-json\/wp\/v2\/users\/1"}],"replies":[{"embeddable":true,"href":"https:\/\/www.tfhquiz.fr\/de\/wp-json\/wp\/v2\/comments?post=1001"}],"version-history":[{"count":2,"href":"https:\/\/www.tfhquiz.fr\/de\/wp-json\/wp\/v2\/pages\/1001\/revisions"}],"predecessor-version":[{"id":1015,"href":"https:\/\/www.tfhquiz.fr\/de\/wp-json\/wp\/v2\/pages\/1001\/revisions\/1015"}],"wp:attachment":[{"href":"https:\/\/www.tfhquiz.fr\/de\/wp-json\/wp\/v2\/media?parent=1001"}],"curies":[{"name":"wp","href":"https:\/\/api.w.org\/{rel}","templated":true}]}}