{"id":1009,"date":"2023-09-28T03:43:37","date_gmt":"2023-09-28T01:43:37","guid":{"rendered":"http:\/\/www.tfhquiz.fr\/wordpress\/politique-de-confidentialite-2\/"},"modified":"2023-09-28T04:05:55","modified_gmt":"2023-09-28T02:05:55","slug":"politique-de-confidentialite-2","status":"publish","type":"page","link":"https:\/\/www.tfhquiz.fr\/de\/politique-de-confidentialite-2\/","title":{"rendered":"Datenschutzrichtlinie"},"content":{"rendered":"\n<p>Datenschutzrichtlinie<\/p>\n\n\n\n<p>Der gesetzeskonforme Umgang mit pers\u00f6nlichen Daten ist uns wirklich wichtig, daher sammelt die App keine pers\u00f6nlichen Informationen \u00fcber den Endbenutzer der App.<\/p>\n\n\n\n<p>&nbsp;Lediglich statistische Daten werden gesammelt und anonym auf Analyseservern der Distributoren Apple und Google gespeichert, in \u00dcbereinstimmung mit der General Data Protection Regulation ( GDPR) \/ Allgemeinen Datenschutzverordnung (DSGVO).<\/p>\n\n\n\n<p>Die Anwendung &#8216;Touch For Health-Quiz&#8217; ist ein Produkt des Studios Tergimax \/ contact@tergimax.com \/ Frankreich., das auch f\u00fcr die Erhebung, Verarbeitung und Nutzung der statistischen Daten gem\u00e4\u00df Artikel 4, Absatz 7 der GDPR verantwortlich ist.<\/p>\n\n\n\n<p>Diese Datenschutzerkl\u00e4rung informiert Sie als Nutzer unserer App \u00fcber die Art, den Umfang und den Zweck der Erhebung und Verwendung personenbezogener Daten durch uns.<\/p>\n\n\n\n<p>Wir erheben und speichern im Allgemeinen nur die Daten, die f\u00fcr den Betrieb der App und zur Bereitstellung der Touch for health &#8211; Quiz App erforderlich sind. Um die Qualit\u00e4t des Dienstes zu verbessern, erheben und speichern wir auch Daten f\u00fcr statistische Zwecke. Dadurch wird jedoch sichergestellt, dass keine Verbindung zu einem Nutzerkonto hergestellt werden kann, so dass die Anonymit\u00e4t gewahrt bleibt.<\/p>\n\n\n\n<p>In dieser Datenschutzrichtlinie erl\u00e4utern wir, wie wir Daten sammeln und verwenden, wenn Sie Touch for Health &#8211; Quiz nutzen, und auf welcher Rechtsgrundlage dies geschieht.<\/p>\n\n\n\n<p>2.A: Sammeln von Informationen<\/p>\n\n\n\n<p>Bei der Nutzung der App touch for health &#8211; Quiz werden die folgenden Zugriffsdaten erhoben und anonymisiert auf einem Analyseserver bei Apple oder Google gespeichert:<\/p>\n\n\n\n<p>&#8211; Land und Stadt, in dem die App gekauft wurde.<\/p>\n\n\n\n<p>&#8211; Aufl\u00f6sung des Endger\u00e4ts des Nutzers.<\/p>\n\n\n\n<p>&nbsp;Version der App<\/p>\n\n\n\n<p>&#8211; Betriebssystem<\/p>\n\n\n\n<p>&#8211; Sprache, die auf dem Endger\u00e4t eingestellt ist.<\/p>\n\n\n\n<p>2.B:Pers\u00f6nliche Daten<\/p>\n\n\n\n<p>Keine Erhebung oder Speicherung von personenbezogenen Daten jeglicher Art. Personenbezogene Daten sind Einzelangaben \u00fcber pers\u00f6nliche oder sachliche Verh\u00e4ltnisse einer bestimmten oder bestimmbaren nat\u00fcrlichen Person. Diese Daten werden von der Anwendung nicht verarbeitet. Die Anwendung Touch for health Quiz verhindert auch den Zugriff auf andere auf Ihrem Ger\u00e4t gespeicherte Daten (wie z. B. das Telefonbuch oder die Anrufliste).<\/p>\n\n\n\n<p>3: Ihre Rechte<\/p>\n\n\n\n<p>Solange die jeweiligen gesetzlichen Anforderungen erf\u00fcllt sind, haben Sie als Nutzer der App Touch for health &#8211; Quiz jederzeit das folgende Recht.<\/p>\n\n\n\n<p>-Gem\u00e4\u00df Art. 15 DSGVO: Recht auf Information.<\/p>\n\n\n\n<p>-Gem\u00e4\u00df Art16 DSGVO: Recht auf Berichtigung oder Erg\u00e4nzung unrichtiger Daten.<\/p>\n\n\n\n<p>-Gem\u00e4\u00df Art17 DSGVO: Recht auf L\u00f6schung.<\/p>\n\n\n\n<p>-Gem\u00e4\u00df Art18 DSGVO: Recht auf Einschr\u00e4nkung.<\/p>\n\n\n\n<p>-Gem\u00e4\u00df GDPR Art20: Recht auf \u00dcbertragbarkeit der Daten.<\/p>\n\n\n\n<p>Gem\u00e4\u00df GDPR Art21: Recht auf Widerspruch\/Widerruf.<\/p>\n\n\n\n<p>-Gem\u00e4\u00df GDPR Art13 para.2 lit. d: Recht auf Beschwerde bei der Aufsichtsbeh\u00f6rde.<\/p>\n\n\n\n<p>4:Kontakt.<\/p>\n\n\n\n<p>Wenn Sie allgemeine Fragen zu dieser Datenschutzrichtlinie oder bei der Aus\u00fcbung Ihrer Rechte gem\u00e4\u00df Abschnitt 4 dieser Datenschutzrichtlinie haben, kontaktieren Sie uns bitte:<\/p>\n\n\n\n<p>Per E-Mail:<\/p>\n\n\n\n<p>Studio Tergimax<\/p>\n\n\n\n<p>contact@tergimax.com<\/p>\n\n\n\n<p>31300 Toulouse<\/p>\n\n\n\n<p>FRANKREICH<\/p>\n","protected":false},"excerpt":{"rendered":"<p>Datenschutzrichtlinie Der gesetzeskonforme Umgang mit pers\u00f6nlichen Daten ist uns wirklich wichtig, daher sammelt die App keine pers\u00f6nlichen Informationen \u00fcber den Endbenutzer der App. &nbsp;Lediglich statistische Daten werden gesammelt und anonym auf Analyseservern der Distributoren Apple und Google gespeichert, in \u00dcbereinstimmung mit der General Data Protection Regulation ( GDPR) \/ Allgemeinen Datenschutzverordnung (DSGVO). Die Anwendung &#8216;Touch [&hellip;]<\/p>\n","protected":false},"author":1,"featured_media":0,"parent":0,"menu_order":0,"comment_status":"closed","ping_status":"closed","template":"","meta":{"footnotes":""},"class_list":["post-1009","page","type-page","status-publish","hentry"],"_links":{"self":[{"href":"https:\/\/www.tfhquiz.fr\/de\/wp-json\/wp\/v2\/pages\/1009","targetHints":{"allow":["GET"]}}],"collection":[{"href":"https:\/\/www.tfhquiz.fr\/de\/wp-json\/wp\/v2\/pages"}],"about":[{"href":"https:\/\/www.tfhquiz.fr\/de\/wp-json\/wp\/v2\/types\/page"}],"author":[{"embeddable":true,"href":"https:\/\/www.tfhquiz.fr\/de\/wp-json\/wp\/v2\/users\/1"}],"replies":[{"embeddable":true,"href":"https:\/\/www.tfhquiz.fr\/de\/wp-json\/wp\/v2\/comments?post=1009"}],"version-history":[{"count":1,"href":"https:\/\/www.tfhquiz.fr\/de\/wp-json\/wp\/v2\/pages\/1009\/revisions"}],"predecessor-version":[{"id":1019,"href":"https:\/\/www.tfhquiz.fr\/de\/wp-json\/wp\/v2\/pages\/1009\/revisions\/1019"}],"wp:attachment":[{"href":"https:\/\/www.tfhquiz.fr\/de\/wp-json\/wp\/v2\/media?parent=1009"}],"curies":[{"name":"wp","href":"https:\/\/api.w.org\/{rel}","templated":true}]}}