{"id":1003,"date":"2023-09-28T03:38:13","date_gmt":"2023-09-28T01:38:13","guid":{"rendered":"http:\/\/www.tfhquiz.fr\/wordpress\/condition-dutilisation\/"},"modified":"2023-09-28T03:59:30","modified_gmt":"2023-09-28T01:59:30","slug":"condition-dutilisation","status":"publish","type":"page","link":"https:\/\/www.tfhquiz.fr\/es\/condition-dutilisation\/","title":{"rendered":"Condiciones generales de uso"},"content":{"rendered":"\n<p>Condiciones generales de uso de la aplicaci\u00f3n TFH Quiz (en adelante &#8220;CGU&#8221;)<\/p>\n\n\n\n<p>Studio Tergimax, SIRET 82846197000018, (en adelante &#8220;Studio Tergimax&#8221;) explota una aplicaci\u00f3n m\u00f3vil denominada &#8220;TFH Quiz&#8221; (en adelante &#8220;la Aplicaci\u00f3n&#8221;).<\/p>\n\n\n\n<p>Esta aplicaci\u00f3n ofrece a los usuarios funciones destinadas a facilitar el estudio de Touch For Health, quienes declaran tomar todas las precauciones necesarias para su uso.<\/p>\n\n\n\n<p>1. 1. Finalidad de la GCU y versi\u00f3n actual<\/p>\n\n\n\n<p>1.1. Las presentes condiciones generales de uso (en adelante &#8220;CGU&#8221;) se aplican entre Studio Tergimax y cualquier persona f\u00edsica o jur\u00eddica que utilice la aplicaci\u00f3n m\u00f3vil TFH Quiz (en adelante &#8220;el Usuario&#8221;).<\/p>\n\n\n\n<p>1.2. El objetivo de estas CGU es definir las condiciones en las que los Usuarios pueden acceder y utilizar la Aplicaci\u00f3n, as\u00ed como los derechos y obligaciones de Studio Tergimax y del Usuario en el contexto del uso de la Aplicaci\u00f3n.<\/p>\n\n\n\n<p>1.3. El hecho de que el Usuario valide la casilla del formulario de registro indicando &#8220;Entiendo&#8221; implica el reconocimiento y la aceptaci\u00f3n por parte del Usuario, sin reservas, de las presentes CGU aplicables al uso de la Aplicaci\u00f3n tal y como se describe a continuaci\u00f3n.<\/p>\n\n\n\n<p>1.4. Studio Tergimax es libre de modificar, en cualquier momento y sin previo aviso, las presentes CGU, en particular para tener en cuenta cualquier evoluci\u00f3n legal, jurisprudencial, editorial y\/o t\u00e9cnica. Studio Tergimax informar\u00e1 al Usuario de la pr\u00f3xima actualizaci\u00f3n de la Aplicaci\u00f3n. El hecho de seguir utilizando la Aplicaci\u00f3n despu\u00e9s de haber sido informado de la modificaci\u00f3n de las CGU implica la aceptaci\u00f3n de las modificaciones de las CGU por parte del Usuario. La versi\u00f3n de las CGU que prevalece es la accesible en la Aplicaci\u00f3n.<\/p>\n\n\n\n<p>1.5. Las presentes CGU entran en vigor el 21\/12\/2022.<\/p>\n\n\n\n<p>1.6. En caso de que una de las cl\u00e1usulas de las CGU sea declarada ilegal, s\u00f3lo dicha cl\u00e1usula ser\u00e1 anulada. La legalidad de las dem\u00e1s cl\u00e1usulas de las CGC, que seguir\u00edan aplic\u00e1ndose, no podr\u00eda cuestionarse.<\/p>\n\n\n\n<p>1.7. Las presentes CGU expresan la totalidad de las obligaciones de las partes, con exclusi\u00f3n de cualquier otro documento o contrato.<\/p>\n\n\n\n<p>2. Funcionamiento de la aplicaci\u00f3n<\/p>\n\n\n\n<p>2.1. Descripci\u00f3n de la Aplicaci\u00f3n TFH Quiz es una aplicaci\u00f3n m\u00f3vil que permite a sus Usuarios<\/p>\n\n\n\n<p>(i) acceder a informaci\u00f3n y explicaciones sobre la pr\u00e1ctica de Touch For Health, para cada parte del cuerpo,<\/p>\n\n\n\n<p>(ii) tomar notas, sin que estas notas se almacenen en la Aplicaci\u00f3n ni el Usuario pueda recuperarlas en su propio terminal m\u00f3vil. La Aplicaci\u00f3n ofrece una gran cantidad de informaci\u00f3n de car\u00e1cter informativo y pedag\u00f3gico sobre el aprendizaje relacionado con Touch For health. Studio Tergimax se esfuerza por ofrecer a los Usuarios contenidos pertinentes y actualizados. Dado que este contenido es de naturaleza evolutiva y sujeto a interpretaci\u00f3n dada la tem\u00e1tica, Studio Tergimax no se hace responsable en caso de inexactitud, omisi\u00f3n o error. Studio Tergimax se reserva el derecho de ofrecer cualquier otro servicio que considere \u00fatil, en la forma y seg\u00fan las funcionalidades y medios t\u00e9cnicos que considere m\u00e1s adecuados.<\/p>\n\n\n\n<p>2.2. Usuarios de la Aplicaci\u00f3n El Usuario debe ser una persona f\u00edsica mayor de edad o una persona jur\u00eddica inscrita en el Registro Mercantil y de Sociedades, tener la capacidad jur\u00eddica necesaria para suscribirse a los servicios deseados y ser titular de una tarjeta bancaria. La Aplicaci\u00f3n es accesible exclusivamente a las personas que declaren haber tomado todas las precauciones necesarias para su utilizaci\u00f3n.<\/p>\n\n\n\n<p>2.3 Descarga de la Aplicaci\u00f3n La Aplicaci\u00f3n puede descargarse y utilizarse en tel\u00e9fonos m\u00f3viles y tabletas. El Usuario deber\u00e1 descargar la Aplicaci\u00f3n desde la plataforma de descarga de aplicaciones adecuada y adaptada a su equipo inform\u00e1tico, bajo su \u00fanica y exclusiva responsabilidad. Esta descarga est\u00e1 sujeta a las condiciones de uso espec\u00edficas de dicha plataforma de descarga.<\/p>\n\n\n\n<p>2.4. 2.4. Condiciones de pago<\/p>\n\n\n\n<p>2.4.1. El acceso a las funcionalidades de la Aplicaci\u00f3n est\u00e1 sujeto a pago. 2.4.2. Para acceder a las funcionalidades de pago de la Aplicaci\u00f3n, el Usuario deber\u00e1 abonar el\/los importe(s) \u00edntegro(s) anunciado(s) por la plataforma de descarga en el momento de la validaci\u00f3n del pedido.<\/p>\n\n\n\n<p>2.4.3. Las actualizaciones de la Aplicaci\u00f3n que Studio Tergimax pueda realizar podr\u00e1n ser descargadas gratuitamente por el Usuario. Cuando se actualiza, la Aplicaci\u00f3n ofrece al usuario nuevas funcionalidades, que pueden ser gratuitas o no. Las nuevas funcionalidades ofrecidas por la Aplicaci\u00f3n actualizada podr\u00e1n ser descargadas gratuitamente por el Usuario a trav\u00e9s de la plataforma de descarga. Para acceder y utilizar las funcionalidades de pago de la Aplicaci\u00f3n actualizada, el Usuario deber\u00e1 abonar el\/los importe(s) \u00edntegro(s) anunciado(s) por la plataforma de descarga en el momento de la validaci\u00f3n del pedido, determinado(s) en funci\u00f3n del n\u00famero de funcionalidades y\/o del pack elegido por el Usuario.<\/p>\n\n\n\n<p>2.4.4. Los precios se expresan en euros y los importes expresados en otras monedas se indican a t\u00edtulo indicativo. El precio indicado en el momento del pago incluye todos los impuestos (precio con IVA) e incluye el IVA al tipo en vigor cuando la venta est\u00e1 sujeta a este impuesto.<\/p>\n\n\n\n<p>2.4.5. Studio Tergimax declina toda responsabilidad relativa al pago de la Aplicaci\u00f3n y de sus diferentes funcionalidades de pago, recayendo esta responsabilidad exclusivamente en las plataformas de descarga antes mencionadas, que gestionan todas las condiciones de pago relativas a dichos pagos. Por lo tanto, Studio Tergimax no podr\u00e1 ser considerado responsable en modo alguno a este respecto.<\/p>\n\n\n\n<p>2.5. 2.5. Uso de la Aplicaci\u00f3n<\/p>\n\n\n\n<p>2.5.1. La Aplicaci\u00f3n dispone de la tecnolog\u00eda necesaria hasta la fecha para su acceso y utilizaci\u00f3n, no pudiendo descartarse la presencia de virus u otros elementos nocivos, introducidos por cualquier medio o por cualquier tercero, que puedan producir alteraciones en los sistemas inform\u00e1ticos del usuario.<\/p>\n\n\n\n<p>2.5.2. Studio Tergimax se reserva el derecho a modificar, a su discreci\u00f3n y de forma unilateral, en cualquier momento y sin aviso previo, la configuraci\u00f3n de la Aplicaci\u00f3n, los servicios o contenidos ofrecidos, as\u00ed como el derecho a eliminarlos, limitarlos, suspenderlos o prohibir el acceso a ellos, de manera temporal o definitiva.<\/p>\n\n\n\n<p>3. 3. Limitaci\u00f3n de responsabilidad<\/p>\n\n\n\n<p>3.1. El Usuario reconoce que la informaci\u00f3n y, de forma m\u00e1s general, los contenidos disponibles en la Aplicaci\u00f3n se facilitan con fines informativos e instructivos, con el fin de permitir un uso \u00f3ptimo de la Aplicaci\u00f3n, pero en ning\u00fan caso podr\u00e1n comprometer la responsabilidad de Studio Tergimax.<\/p>\n\n\n\n<p>3.2. Studio Tergimax no ofrece ninguna garant\u00eda, expl\u00edcita o impl\u00edcita, en cuanto al funcionamiento de la Aplicaci\u00f3n, en particular con respecto a cualquier problema t\u00e9cnico que pueda surgir.<\/p>\n\n\n\n<p>3.3. Studio Tergimax no podr\u00e1 ser considerado responsable en ning\u00fan caso de la p\u00e9rdida de informaci\u00f3n contenida en la funci\u00f3n de toma de notas de la Aplicaci\u00f3n, entendi\u00e9ndose que la versi\u00f3n actual de la Aplicaci\u00f3n no permite conservar el contenido escrito por el Usuario a trav\u00e9s de dicha funci\u00f3n.<\/p>\n\n\n\n<p>3.4. Studio Tergimax no podr\u00e1 en ning\u00fan caso ser considerado responsable de la utilizaci\u00f3n de la Aplicaci\u00f3n por parte del Usuario, ya que \u00e9ste declara ser plenamente consciente de las cuestiones sanitarias y m\u00e9dicas vinculadas a la utilizaci\u00f3n de la Aplicaci\u00f3n, y se ha comprometido a tomar todas las precauciones necesarias, incluyendo en particular las medidas de seguridad y\/o higiene \u00fatiles para su utilizaci\u00f3n.<\/p>\n\n\n\n<p>3.5. Studio Tergimax no se hace responsable del incumplimiento por parte del Usuario de las obligaciones legales vinculadas al uso de la Aplicaci\u00f3n, en particular si el Usuario utiliza la Aplicaci\u00f3n para practicar Touch For Health a terceros, siempre y cuando Studio Tergimax no intervenga en la relaci\u00f3n entre el Usuario y este tercero.<\/p>\n\n\n\n<p>3.6. Studio Tergimax no podr\u00e1 ser considerado responsable de cualquier incompatibilidad, mal funcionamiento u otros problemas t\u00e9cnicos entre el uso de los servicios de la Aplicaci\u00f3n y el equipo inform\u00e1tico del Usuario.<\/p>\n\n\n\n<p>3.7. Studio Tergimax no se hace responsable de los riesgos de contaminaci\u00f3n por virus, intentos de intrusi\u00f3n, etc., que puedan ser causados por el uso de la Aplicaci\u00f3n.<\/p>\n\n\n\n<p>3.8. Studio Tergimax se compromete a hacer todo lo posible para garantizar la continuidad del servicio, pero s\u00f3lo est\u00e1 sujeto a una obligaci\u00f3n de medios. Studio Tergimax no proporciona ninguna garant\u00eda expresa o impl\u00edcita, incluyendo, pero sin limitarse a, las relativas a la continuidad y durabilidad de la Aplicaci\u00f3n, el rendimiento de la Aplicaci\u00f3n, la conformidad o compatibilidad de la Aplicaci\u00f3n para un uso espec\u00edfico, la calidad o ausencia de defecto o fallo en la Aplicaci\u00f3n, el desalojo y la no infracci\u00f3n de las leyes y reglamentos o de estas CGU de la Aplicaci\u00f3n por parte de otros Usuarios.<\/p>\n\n\n\n<p>3.9. Los Usuarios reconocen que utilizan la Aplicaci\u00f3n bajo su propia responsabilidad. La Aplicaci\u00f3n se proporciona &#8220;tal cual&#8221; y es accesible sin ninguna garant\u00eda de disponibilidad o regularidad. Studio Tergimax se esforzar\u00e1 para que la Aplicaci\u00f3n sea accesible 24 horas al d\u00eda, siete d\u00edas a la semana, excepto en caso de fuerza mayor o de un acontecimiento fuera del control de Studio Tergimax y sujeto a periodos de mantenimiento, posibles aver\u00edas, riesgos t\u00e9cnicos relacionados con la naturaleza de la red o actos malintencionados o cualquier da\u00f1o al hardware o software de Studio Tergimax. Studio Tergimax puede interrumpir, suspender o modificar el acceso a la Aplicaci\u00f3n temporalmente y sin previo aviso, en particular por razones de seguridad, para la reestructuraci\u00f3n de los recursos de la m\u00e1quina, para el mantenimiento o la mejora de la Aplicaci\u00f3n o para mejorar la disponibilidad de la informaci\u00f3n a trav\u00e9s de Internet. En la medida de lo posible, Studio Tergimax advertir\u00e1 al Usuario antes de esta interrupci\u00f3n de la Aplicaci\u00f3n. En todos los casos, Studio Tergimax har\u00e1 todo lo posible para que la interrupci\u00f3n afecte lo menos posible al Usuario. Studio Tergimax no se hace responsable de los da\u00f1os causados por estas interrupciones, incluida la p\u00e9rdida de datos.<\/p>\n\n\n\n<p>3.10. Studio Tergimax no podr\u00e1 en ning\u00fan caso ser considerado responsable debido a una interrupci\u00f3n total o parcial de la Aplicaci\u00f3n, cualquiera que sea la causa, la duraci\u00f3n o la frecuencia de esta interrupci\u00f3n.<\/p>\n\n\n\n<p>3.11. En ning\u00fan caso Studio Tergimax podr\u00e1 ser considerado responsable en caso de culpa, incumplimiento, omisi\u00f3n o negligencia por parte del Usuario, en caso de fuerza mayor, acontecimientos o incidentes fuera del control de Studio Tergimax, como huelgas, disturbios sociales, desastres naturales, incendios, etc., as\u00ed como en caso de culpa, negligencia u omisi\u00f3n por parte de un tercero sobre el que Studio Tergimax no tenga poder de control o supervisi\u00f3n.<\/p>\n\n\n\n<p>3.12. Ning\u00fan consejo o informaci\u00f3n, oral o escrito, obtenido por el Usuario de la Aplicaci\u00f3n es susceptible de crear garant\u00edas no previstas expresamente en las presentes CGU.<\/p>\n\n\n\n<p>4. Obligaciones de los Usuarios<\/p>\n\n\n\n<p>4.1. El Usuario se compromete a cumplir la legislaci\u00f3n vigente cuando utilice la Aplicaci\u00f3n.<\/p>\n\n\n\n<p>4.2. El Usuario es el \u00fanico responsable del uso que haga de la Aplicaci\u00f3n y del correcto funcionamiento de su equipo inform\u00e1tico. El Usuario queda informado y acepta que el uso de la Aplicaci\u00f3n requiere que est\u00e9 conectado a Internet y que la calidad de la Aplicaci\u00f3n depende directamente de esta conexi\u00f3n, de la que es el \u00fanico responsable.<\/p>\n\n\n\n<p>4.3. Asimismo, el Usuario es el \u00fanico responsable de proteger su equipo inform\u00e1tico contra cualquier riesgo de contaminaci\u00f3n por virus, intentos de intrusi\u00f3n, etc.<\/p>\n\n\n\n<p>4.4. Al aceptar las presentes CGU y, de forma m\u00e1s general, al utilizar la Aplicaci\u00f3n, el Usuario reconoce que es consciente de las cuestiones m\u00e9dicas que implica el uso de la Aplicaci\u00f3n, y se compromete a tomar todas las precauciones y medidas de seguridad y\/o higiene necesarias para su utilizaci\u00f3n. El Usuario reconoce que la Aplicaci\u00f3n le ofrece una soluci\u00f3n adicional y no alternativa para beneficiarse de una herramienta educativa que le permita mejorar sus conocimientos y habilidades profesionales, y que esta soluci\u00f3n no sustituye a ning\u00fan otro medio que el Usuario pueda tener a su disposici\u00f3n para lograr el mismo objetivo. Adem\u00e1s, en caso de que el Usuario constate la existencia de informaciones inexactas o, m\u00e1s generalmente, de contenidos que falten o contengan errores, se compromete a informar a Studio Tergimax lo antes posible, enviando un correo electr\u00f3nico a la siguiente direcci\u00f3n: contact@Tergimax.com.<\/p>\n\n\n\n<p>4.5. El usuario se compromete a no atentar contra el funcionamiento de la Aplicaci\u00f3n.<\/p>\n\n\n\n<p>4.6. El uso de la Aplicaci\u00f3n est\u00e1 prohibido a los Usuarios cuyo acceso a la Aplicaci\u00f3n haya sido suspendido o eliminado voluntariamente por Studio Tergimax.<\/p>\n\n\n\n<p>4.7. En caso de conocimiento de una acci\u00f3n manifiestamente il\u00edcita por parte de un Usuario y\/o en caso de violaci\u00f3n de las estipulaciones de las presentes CGU y\/o de cualquier obligaci\u00f3n legal o reglamentaria, Studio Tergimax puede, inmediatamente, sin previo aviso ni indemnizaci\u00f3n, suspender o finalizar el acceso del Usuario a la Aplicaci\u00f3n y denegarle el acceso, temporal o definitivamente, a toda o parte de la Aplicaci\u00f3n. Studio Tergimax se reserva el derecho de perseguir ante las autoridades judiciales competentes cualquier uso de la Aplicaci\u00f3n que no se ajuste a las presentes CGU. En caso de comportamiento inadecuado por parte del Usuario y\/o incumplimiento de estas CGU, evaluado a la entera discreci\u00f3n de Studio Tergimax, Studio Tergimax se reserva el derecho de suspender o eliminar el acceso del Usuario a la Aplicaci\u00f3n, sin previo aviso y sin indemnizaci\u00f3n. Studio Tergimax tambi\u00e9n se reserva el derecho de perseguir ante las autoridades legales competentes cualquier uso de la Aplicaci\u00f3n que no cumpla con estas CGU.<\/p>\n\n\n\n<p>5. 5. Comportamientos prohibidos<\/p>\n\n\n\n<p>5.1 Est\u00e1 estrictamente prohibido utilizar la Aplicaci\u00f3n para los siguientes fines: Realizaci\u00f3n de actividades ilegales o fraudulentas o que atenten contra los derechos o la seguridad de terceros; Atentar contra el orden p\u00fablico o violar las leyes y reglamentos vigentes; Intrusi\u00f3n en el sistema inform\u00e1tico de un tercero o cualquier actividad de tal naturaleza que da\u00f1e, controle, interfiera o intercepte total o parcialmente el sistema inform\u00e1tico de un tercero o viole su integridad o seguridad; Y de forma m\u00e1s general, cualquier pr\u00e1ctica que desv\u00ede la Aplicaci\u00f3n de su finalidad prevista.<\/p>\n\n\n\n<p>5.2. Queda terminantemente prohibido a los Usuarios copiar y\/o apropiarse indebidamente del concepto, tecnolog\u00edas o cualquier otro elemento de la Aplicaci\u00f3n para sus propios fines o para los de terceros.<\/p>\n\n\n\n<p>5.3. Tambi\u00e9n est\u00e1 estrictamente prohibido: cualquier comportamiento susceptible de interrumpir, suspender, ralentizar o impedir la continuidad de la Aplicaci\u00f3n; cualquier intrusi\u00f3n o intento de intrusi\u00f3n en los sistemas de Studio Tergimax; cualquier apropiaci\u00f3n indebida de los recursos del sistema de la Aplicaci\u00f3n; cualquier acto susceptible de perjudicar los derechos e intereses financieros, comerciales o morales de Studio Tergimax o de los usuarios de la Aplicaci\u00f3n; y por \u00faltimo, de forma m\u00e1s general, cualquier incumplimiento de las presentes CGU.<\/p>\n\n\n\n<p>5.4 Est\u00e1 estrictamente prohibido monetizar, vender o conceder total o parcialmente el acceso a la Aplicaci\u00f3n.<\/p>\n\n\n\n<p>6. Derechos de propiedad intelectual<\/p>\n\n\n\n<p>Sin que esta lista sea exhaustiva, la marca &#8220;TFH Quiz&#8221;, as\u00ed como sus derivados, logotipos, carta gr\u00e1fica, maquetaci\u00f3n, informaci\u00f3n, presentaci\u00f3n y contenido de la Aplicaci\u00f3n, incluyendo en particular los textos y la informaci\u00f3n, son propiedad exclusiva de Studio Tergimax.<\/p>\n\n\n\n<p>Los sistemas, software, estructuras, infraestructuras, bases de datos y contenidos de cualquier tipo (textos, im\u00e1genes, visuales, m\u00fasica, logotipos, marcas, bases de datos, etc.) utilizados por Studio Tergimax dentro de la Aplicaci\u00f3n tambi\u00e9n est\u00e1n protegidos por todos los derechos de propiedad intelectual o derechos de productores de bases de datos en vigor. Cualquier desmontaje, descompilaci\u00f3n, desencriptaci\u00f3n, extracci\u00f3n, reutilizaci\u00f3n, copia y, de forma m\u00e1s general, cualquier acto de reproducci\u00f3n, representaci\u00f3n, distribuci\u00f3n y utilizaci\u00f3n de cualquiera de estos elementos, en su totalidad o en parte, sin la autorizaci\u00f3n de Studio Tergimax est\u00e1 estrictamente prohibido y puede ser objeto de acciones judiciales. Queda estrictamente prohibida cualquier reproducci\u00f3n o representaci\u00f3n, total o parcial, de la Aplicaci\u00f3n o de los elementos que la componen, tales como, entre otros, las marcas comerciales, los logotipos, la carta gr\u00e1fica, el dise\u00f1o, la informaci\u00f3n, la presentaci\u00f3n y el contenido de la Aplicaci\u00f3n. El hecho de que el Usuario tenga acceso a la Aplicaci\u00f3n no implica ninguna transferencia de derechos de propiedad intelectual al Usuario.<\/p>\n\n\n\n<p>7. Idioma<\/p>\n\n\n\n<p>En caso de traducci\u00f3n de las presentes Condiciones Generales a una o varias lenguas, la lengua de interpretaci\u00f3n ser\u00e1 el franc\u00e9s en caso de contradicci\u00f3n o litigio sobre el sentido de un t\u00e9rmino o de una disposici\u00f3n.<\/p>\n\n\n\n<p>8. Garant\u00edas<\/p>\n\n\n\n<p>El Usuario garantiza a Studio Tergimax frente a cualquier queja, reclamaci\u00f3n, acci\u00f3n y\/o demanda que Studio Tergimax pueda sufrir como consecuencia del incumplimiento por parte del Usuario de cualquiera de sus obligaciones o garant\u00edas en virtud de las presentes condiciones generales. El Usuario se compromete a indemnizar a Studio Tergimax por cualquier perjuicio que pueda sufrir y a pagar todos los gastos, cargos y\/o multas que tenga que soportar como consecuencia de ello.<\/p>\n\n\n\n<p>9. No renuncia<\/p>\n\n\n\n<p>El hecho de que Studio Tergimax no se aproveche de un fallo o incumplimiento por parte del Usuario de cualquiera de sus obligaciones contractuales o legales no podr\u00e1 interpretarse como una renuncia al derecho de aprovecharse de este fallo o incumplimiento. El hecho de que Studio Tergimax no se acoja a una estipulaci\u00f3n de las CGU no implica en modo alguno la renuncia a beneficiarse de dicha estipulaci\u00f3n.<\/p>\n\n\n\n<p>10. Ley aplicable y jurisdicci\u00f3n<\/p>\n\n\n\n<p>Las presentes CGU se regir\u00e1n por la legislaci\u00f3n francesa. Cualquier litigio entre Studio Tergimax y un Usuario, en particular relativo a la formaci\u00f3n, ejecuci\u00f3n, interpretaci\u00f3n, validez, rescisi\u00f3n o resoluci\u00f3n de las presentes CGU, incluso para los procedimientos conservatorios, procedimientos de urgencia, en caso de procedimiento sumario, recurso de garant\u00eda, petici\u00f3n o pluralidad de demandados, estar\u00e1 sometido a la competencia de los tribunales de la jurisdicci\u00f3n de Par\u00eds, salvo en caso de que esta atribuci\u00f3n de competencia no fuera aplicable debido a la condici\u00f3n de una de las partes o a una cuesti\u00f3n de procedimiento.<\/p>\n","protected":false},"excerpt":{"rendered":"<p>Condiciones generales de uso de la aplicaci\u00f3n TFH Quiz (en adelante &#8220;CGU&#8221;) Studio Tergimax, SIRET 82846197000018, (en adelante &#8220;Studio Tergimax&#8221;) explota una aplicaci\u00f3n m\u00f3vil denominada &#8220;TFH Quiz&#8221; (en adelante &#8220;la Aplicaci\u00f3n&#8221;). Esta aplicaci\u00f3n ofrece a los usuarios funciones destinadas a facilitar el estudio de Touch For Health, quienes declaran tomar todas las precauciones necesarias para [&hellip;]<\/p>\n","protected":false},"author":1,"featured_media":0,"parent":0,"menu_order":0,"comment_status":"closed","ping_status":"closed","template":"","meta":{"footnotes":""},"class_list":["post-1003","page","type-page","status-publish","hentry"],"_links":{"self":[{"href":"https:\/\/www.tfhquiz.fr\/es\/wp-json\/wp\/v2\/pages\/1003","targetHints":{"allow":["GET"]}}],"collection":[{"href":"https:\/\/www.tfhquiz.fr\/es\/wp-json\/wp\/v2\/pages"}],"about":[{"href":"https:\/\/www.tfhquiz.fr\/es\/wp-json\/wp\/v2\/types\/page"}],"author":[{"embeddable":true,"href":"https:\/\/www.tfhquiz.fr\/es\/wp-json\/wp\/v2\/users\/1"}],"replies":[{"embeddable":true,"href":"https:\/\/www.tfhquiz.fr\/es\/wp-json\/wp\/v2\/comments?post=1003"}],"version-history":[{"count":2,"href":"https:\/\/www.tfhquiz.fr\/es\/wp-json\/wp\/v2\/pages\/1003\/revisions"}],"predecessor-version":[{"id":1014,"href":"https:\/\/www.tfhquiz.fr\/es\/wp-json\/wp\/v2\/pages\/1003\/revisions\/1014"}],"wp:attachment":[{"href":"https:\/\/www.tfhquiz.fr\/es\/wp-json\/wp\/v2\/media?parent=1003"}],"curies":[{"name":"wp","href":"https:\/\/api.w.org\/{rel}","templated":true}]}}