{"id":1011,"date":"2023-09-28T03:43:37","date_gmt":"2023-09-28T01:43:37","guid":{"rendered":"http:\/\/www.tfhquiz.fr\/wordpress\/politique-de-confidentialite-2\/"},"modified":"2023-09-28T04:05:01","modified_gmt":"2023-09-28T02:05:01","slug":"politique-de-confidentialite-2","status":"publish","type":"page","link":"https:\/\/www.tfhquiz.fr\/es\/politique-de-confidentialite-2\/","title":{"rendered":"Pol\u00edtica de privacidad"},"content":{"rendered":"\n<p>Pol\u00edtica de privacidad<\/p>\n\n\n\n<p>El tratamiento de los datos personales de conformidad con la ley es realmente importante para nosotros, por lo que la aplicaci\u00f3n no recoge ninguna informaci\u00f3n personal sobre el usuario final de la aplicaci\u00f3n.<\/p>\n\n\n\n<p>&nbsp;S\u00f3lo se recogen datos estad\u00edsticos que se almacenan de forma an\u00f3nima en los servidores de an\u00e1lisis de los distribuidores Apple y Google, de acuerdo con el Reglamento General de Protecci\u00f3n de Datos (GDPR) \/ R\u00e8glement g\u00e9n\u00e9ral sur la protection des donn\u00e9es (RGPD).<\/p>\n\n\n\n<p>La aplicaci\u00f3n &#8216;Touch For Health-Quiz&#8217; es un producto creado por el estudio Tergimax \/ contact@tergimax.com \/ Francia. que tambi\u00e9n es responsable de la recogida, tratamiento y uso de datos estad\u00edsticos de conformidad con el art\u00edculo 4, apartado 7 del GDPR.<\/p>\n\n\n\n<p>Esta pol\u00edtica de privacidad le informa como usuario de nuestra aplicaci\u00f3n sobre la naturaleza, el alcance y el prop\u00f3sito de la recopilaci\u00f3n y el uso de datos personales por nuestra parte.<\/p>\n\n\n\n<p>Por lo general, s\u00f3lo recopilamos y almacenamos los datos necesarios para el funcionamiento de la aplicaci\u00f3n y para proporcionar la aplicaci\u00f3n Touch for health &#8211; Quiz. Para mejorar la calidad del servicio, tambi\u00e9n recogemos y almacenamos datos con fines estad\u00edsticos. Sin embargo, esto garantiza que no se pueda establecer ning\u00fan v\u00ednculo con una cuenta de usuario, de modo que se mantiene el anonimato.<\/p>\n\n\n\n<p>En esta pol\u00edtica de privacidad, explicamos c\u00f3mo recopilamos y utilizamos los datos cuando usted utiliza Touch for Health &#8211; Quiz y sobre qu\u00e9 base legal se hace.<\/p>\n\n\n\n<p>2.A: Recogida de informaci\u00f3n<\/p>\n\n\n\n<p>Cuando utiliza la aplicaci\u00f3n Touch for Health &#8211; Quiz, se recopilan los siguientes datos de acceso y se almacenan de forma an\u00f3nima en un servidor de an\u00e1lisis de Apple o Google:<\/p>\n\n\n\n<p>&#8211; Pa\u00eds y ciudad donde se adquiri\u00f3 la aplicaci\u00f3n<\/p>\n\n\n\n<p>&#8211; Resoluci\u00f3n del dispositivo final del usuario<\/p>\n\n\n\n<p>&nbsp;Versi\u00f3n de la aplicaci\u00f3n<\/p>\n\n\n\n<p>&#8211; Sistema operativo<\/p>\n\n\n\n<p>&#8211; Idioma, que se define en el terminal<\/p>\n\n\n\n<p>2.B :Datos personales<\/p>\n\n\n\n<p>No se recogen ni almacenan datos personales de ning\u00fan tipo. Los datos personales son informaci\u00f3n individual sobre las circunstancias personales o de hecho de un individuo concreto o identificable. Estos datos no son tratados por la aplicaci\u00f3n. La aplicaci\u00f3n Touch for health Quiz tambi\u00e9n impide el acceso a otros datos almacenados en su dispositivo (como la gu\u00eda telef\u00f3nica o la lista de llamadas).<\/p>\n\n\n\n<p>3: Sus derechos<\/p>\n\n\n\n<p>Siempre que se cumplan los requisitos legales correspondientes, usted tiene en todo momento los siguientes derechos como usuario de la aplicaci\u00f3n Touch for health &#8211; Quiz<\/p>\n\n\n\n<p>-De conformidad con el art\u00edculo 15 del RGPD: derecho a la informaci\u00f3n.<\/p>\n\n\n\n<p>-De conformidad con el Art16 del RGPD: Derecho a que se rectifiquen o completen los datos incorrectos.<\/p>\n\n\n\n<p>-De conformidad con el Art17 del RGPD: Derecho de supresi\u00f3n.<\/p>\n\n\n\n<p>-De conformidad con el Art18 del RGPD: Derecho de restricci\u00f3n.<\/p>\n\n\n\n<p>-De conformidad con el art20 del RGPD: Derecho a la portabilidad de los datos.<\/p>\n\n\n\n<p>De conformidad con el GDPR Art21: Derecho de oposici\u00f3n\/revocaci\u00f3n.<\/p>\n\n\n\n<p>-De conformidad con el art\u00edculo 13, apartado 2, letra d) del RGPD: Derecho de recurso a la autoridad de control.<\/p>\n\n\n\n<p>4 :Contacto<\/p>\n\n\n\n<p>Si tiene alguna pregunta general sobre esta pol\u00edtica de privacidad o en el ejercicio de sus derechos en virtud de la secci\u00f3n 4 de esta pol\u00edtica de privacidad, p\u00f3ngase en contacto con nosotros :<\/p>\n\n\n\n<p>Por correo electr\u00f3nico:<\/p>\n\n\n\n<p>Studio Tergimax<\/p>\n\n\n\n<p>contact@tergimax.com<\/p>\n\n\n\n<p>31300 Toulouse<\/p>\n\n\n\n<p>FRANCIA<\/p>\n","protected":false},"excerpt":{"rendered":"<p>Pol\u00edtica de privacidad El tratamiento de los datos personales de conformidad con la ley es realmente importante para nosotros, por lo que la aplicaci\u00f3n no recoge ninguna informaci\u00f3n personal sobre el usuario final de la aplicaci\u00f3n. &nbsp;S\u00f3lo se recogen datos estad\u00edsticos que se almacenan de forma an\u00f3nima en los servidores de an\u00e1lisis de los distribuidores [&hellip;]<\/p>\n","protected":false},"author":1,"featured_media":0,"parent":0,"menu_order":0,"comment_status":"closed","ping_status":"closed","template":"","meta":{"footnotes":""},"class_list":["post-1011","page","type-page","status-publish","hentry"],"_links":{"self":[{"href":"https:\/\/www.tfhquiz.fr\/es\/wp-json\/wp\/v2\/pages\/1011","targetHints":{"allow":["GET"]}}],"collection":[{"href":"https:\/\/www.tfhquiz.fr\/es\/wp-json\/wp\/v2\/pages"}],"about":[{"href":"https:\/\/www.tfhquiz.fr\/es\/wp-json\/wp\/v2\/types\/page"}],"author":[{"embeddable":true,"href":"https:\/\/www.tfhquiz.fr\/es\/wp-json\/wp\/v2\/users\/1"}],"replies":[{"embeddable":true,"href":"https:\/\/www.tfhquiz.fr\/es\/wp-json\/wp\/v2\/comments?post=1011"}],"version-history":[{"count":1,"href":"https:\/\/www.tfhquiz.fr\/es\/wp-json\/wp\/v2\/pages\/1011\/revisions"}],"predecessor-version":[{"id":1018,"href":"https:\/\/www.tfhquiz.fr\/es\/wp-json\/wp\/v2\/pages\/1011\/revisions\/1018"}],"wp:attachment":[{"href":"https:\/\/www.tfhquiz.fr\/es\/wp-json\/wp\/v2\/media?parent=1011"}],"curies":[{"name":"wp","href":"https:\/\/api.w.org\/{rel}","templated":true}]}}