{"id":1002,"date":"2023-09-28T03:38:13","date_gmt":"2023-09-28T01:38:13","guid":{"rendered":"http:\/\/www.tfhquiz.fr\/wordpress\/condition-dutilisation\/"},"modified":"2023-09-28T04:01:59","modified_gmt":"2023-09-28T02:01:59","slug":"condition-dutilisation","status":"publish","type":"page","link":"https:\/\/www.tfhquiz.fr\/it\/condition-dutilisation\/","title":{"rendered":"Termini e condizioni d&#8217;uso"},"content":{"rendered":"\n<p>Termini e condizioni d&#8217;uso<\/p>\n\n\n\n<p>Condizioni generali di utilizzo dell&#8217;applicazione TFH Quiz (di seguito &#8220;CGU&#8221;)<\/p>\n\n\n\n<p>Studio Tergimax, SIRET 82846197000018, (di seguito &#8220;Studio Tergimax&#8221;) gestisce un&#8217;applicazione mobile denominata &#8220;TFH Quiz&#8221; (di seguito &#8220;l&#8217;Applicazione&#8221;).<\/p>\n\n\n\n<p>Questa applicazione offre agli utenti funzioni volte a facilitare lo studio di Touch For Health, i quali dichiarano di prendere tutte le precauzioni necessarie per il suo utilizzo.<\/p>\n\n\n\n<p>1. Scopo del GCU e della versione corrente<\/p>\n\n\n\n<p>1.1. Le presenti condizioni generali di utilizzo (di seguito &#8220;CGU&#8221;) si applicano tra lo Studio Tergimax e qualsiasi persona fisica o giuridica che utilizzi l&#8217;applicazione mobile TFH Quiz (di seguito &#8220;l&#8217;Utente&#8221;).<\/p>\n\n\n\n<p>1.2. Lo scopo delle presenti CGU \u00e8 quello di definire le condizioni in base alle quali gli Utenti possono accedere e utilizzare l&#8217;Applicazione, nonch\u00e9 i diritti e gli obblighi di Studio Tergimax e dell&#8217;Utente nel contesto dell&#8217;utilizzo dell&#8217;Applicazione.<\/p>\n\n\n\n<p>1.3. Il fatto che l&#8217;Utente convalidi la casella del modulo di registrazione indicando &#8220;Ho capito&#8221; implica il riconoscimento e l&#8217;accettazione da parte dell&#8217;Utente, senza riserve, delle presenti CGU applicabili all&#8217;uso dell&#8217;Applicazione come descritto di seguito.<\/p>\n\n\n\n<p>1.4. Studio Tergimax \u00e8 libero di modificare, in qualsiasi momento e senza preavviso, le presenti CGU, in particolare per tenere conto di eventuali sviluppi legali, giurisprudenziali, editoriali e\/o tecnici. Studio Tergimax informer\u00e0 l&#8217;Utente del prossimo aggiornamento dell&#8217;Applicazione. Il fatto di continuare a utilizzare l&#8217;Applicazione dopo essere stati informati della modifica delle CGU implica l&#8217;accettazione delle modifiche delle CGU da parte dell&#8217;Utente. La versione delle CGU che prevale \u00e8 quella accessibile sull&#8217;Applicazione.<\/p>\n\n\n\n<p>1.5. Le presenti CGU entrano in vigore il 21\/12\/2022.<\/p>\n\n\n\n<p>1.6. Nel caso in cui una delle clausole delle CGU sia dichiarata illegale, solo tale clausola sar\u00e0 annullata. La legalit\u00e0 delle altre clausole delle CGU, che continueranno ad essere applicate, non potr\u00e0 essere messa in discussione.<\/p>\n\n\n\n<p>1.7. Le presenti CGU esprimono la totalit\u00e0 degli obblighi delle parti, ad esclusione di qualsiasi altro documento o contratto.<\/p>\n\n\n\n<p>2. Funzionamento dell&#8217;applicazione<\/p>\n\n\n\n<p>2.1. Descrizione dell&#8217;Applicazione TFH Quiz \u00e8 un&#8217;applicazione mobile che consente agli Utenti di<\/p>\n\n\n\n<p>(i) accedere a informazioni e spiegazioni sulla pratica del Touch For Health, per ogni parte del corpo,<\/p>\n\n\n\n<p>(ii) prendere appunti, senza che questi vengano memorizzati nell&#8217;Applicazione o che l&#8217;Utente possa recuperarli sul proprio terminale mobile. L&#8217;Applicazione offre una grande quantit\u00e0 di informazioni di natura informativa e pedagogica sull&#8217;apprendimento relativo al Touch For Health. Studio Tergimax si adopera per offrire agli Utenti contenuti pertinenti e aggiornati. Poich\u00e9 tali contenuti sono di natura evolutiva e soggetti a interpretazione data la materia trattata, Studio Tergimax non pu\u00f2 essere ritenuto responsabile in caso di imprecisione, omissione o errore. Studio Tergimax si riserva il diritto di offrire qualsiasi altro servizio che ritenga utile, nelle forme e secondo le funzionalit\u00e0 e gli strumenti tecnici che riterr\u00e0 pi\u00f9 opportuni.<\/p>\n\n\n\n<p>2.2. Utenti dell&#8217;Applicazione L&#8217;Utente deve essere una persona fisica maggiorenne o una persona giuridica iscritta nel Registro del Commercio e delle Imprese, avere la capacit\u00e0 giuridica necessaria per sottoscrivere i servizi desiderati ed essere titolare di una carta bancaria. L&#8217;Applicazione \u00e8 accessibile esclusivamente alle persone che dichiarano di aver preso tutte le precauzioni necessarie per il suo utilizzo.<\/p>\n\n\n\n<p>2.3 Download dell&#8217;Applicazione L&#8217;Applicazione pu\u00f2 essere scaricata e utilizzata su telefoni cellulari e tablet. L&#8217;Utente deve scaricare l&#8217;Applicazione dalla piattaforma di download di applicazioni adatta al suo computer, sotto la sua sola ed esclusiva responsabilit\u00e0. Tale download \u00e8 soggetto alle condizioni di utilizzo specifiche di tale piattaforma di download.<\/p>\n\n\n\n<p>2.4. Termini e condizioni di pagamento<\/p>\n\n\n\n<p>2.4.1. L&#8217;accesso alle funzionalit\u00e0 dell&#8217;applicazione \u00e8 soggetto a pagamento. Per accedere alle funzionalit\u00e0 a pagamento dell&#8217;Applicazione, l&#8217;Utente deve pagare l&#8217;intero importo annunciato dalla piattaforma di download al momento della convalida dell&#8217;ordine.<\/p>\n\n\n\n<p>2.4.3. Gli aggiornamenti dell&#8217;Applicazione che Studio Tergimax pu\u00f2 effettuare possono essere scaricati gratuitamente dall&#8217;Utente. Quando viene aggiornata, l&#8217;Applicazione offre all&#8217;utente nuove funzionalit\u00e0, che possono essere o meno gratuite. Le nuove funzionalit\u00e0 offerte dall&#8217;Applicazione aggiornata possono essere scaricate gratuitamente dall&#8217;Utente tramite la piattaforma di download. Per accedere e utilizzare le funzionalit\u00e0 a pagamento dell&#8217;Applicazione aggiornata, l&#8217;Utente deve pagare l&#8217;intero importo annunciato dalla piattaforma di download al momento della convalida dell&#8217;ordine, determinato in base al numero di funzionalit\u00e0 e\/o al pacchetto scelto dall&#8217;Utente.<\/p>\n\n\n\n<p>2.4.4. I prezzi sono espressi in euro e gli importi espressi in altre valute sono indicati solo a titolo informativo. Il prezzo indicato al momento del pagamento \u00e8 comprensivo di tutte le imposte (prezzo comprensivo di IVA) e include l&#8217;IVA all&#8217;aliquota in vigore quando la vendita \u00e8 soggetta a tale imposta.<\/p>\n\n\n\n<p>2.4.5. Studio Tergimax declina ogni responsabilit\u00e0 relativa al pagamento dell&#8217;Applicazione e delle sue varie funzionalit\u00e0 a pagamento, responsabilit\u00e0 che ricade esclusivamente sulle piattaforme di download sopra citate, che gestiscono tutti i termini e le condizioni di pagamento relativi a tali pagamenti. Pertanto, Studio Tergimax non pu\u00f2 essere ritenuto responsabile in alcun modo a tale riguardo.<\/p>\n\n\n\n<p>2.5. Utilizzo dell&#8217;applicazione<\/p>\n\n\n\n<p>2.5.1. L&#8217;Applicazione dispone della tecnologia necessaria a tutt&#8217;oggi per il suo accesso e utilizzo, non si pu\u00f2 escludere la presenza di eventuali virus o altri elementi dannosi, introdotti con qualsiasi mezzo o da terzi, che possano produrre alterazioni nei sistemi informatici dell&#8217;utente.<\/p>\n\n\n\n<p>2.5.2. Studio Tergimax si riserva il diritto di modificare, a propria discrezione e unilateralmente, in qualsiasi momento e senza preavviso, la configurazione dell&#8217;Applicazione, i servizi o i contenuti offerti, nonch\u00e9 il diritto di eliminare, limitare, sospendere o vietare l&#8217;accesso, temporaneamente o permanentemente.<\/p>\n\n\n\n<p>3. Limitazione di responsabilit\u00e0<\/p>\n\n\n\n<p>3.1. L&#8217;Utente riconosce che le informazioni e pi\u00f9 in generale i contenuti disponibili sull&#8217;Applicazione sono forniti a scopo informativo e istruttivo, al fine di consentire un utilizzo ottimale dell&#8217;Applicazione, ma non possono in alcun modo comportare la responsabilit\u00e0 di Studio Tergimax.<\/p>\n\n\n\n<p>3.2. Studio Tergimax non offre alcuna garanzia, esplicita o implicita, in merito al funzionamento dell&#8217;Applicazione, in particolare per quanto riguarda eventuali problemi tecnici che potrebbero insorgere.<\/p>\n\n\n\n<p>3.3. Studio Tergimax non potr\u00e0 in alcun caso essere ritenuta responsabile per la perdita di informazioni contenute nella funzione di annotazione dell&#8217;Applicazione, fermo restando che l&#8217;attuale versione dell&#8217;Applicazione non consente la conservazione dei contenuti scritti dall&#8217;Utente tramite detta funzione.<\/p>\n\n\n\n<p>3.4. Studio Tergimax non potr\u00e0 in alcun caso essere ritenuta responsabile per l&#8217;utilizzo dell&#8217;Applicazione da parte dell&#8217;Utente, in quanto l&#8217;Utente dichiara di essere pienamente consapevole delle problematiche sanitarie e mediche connesse all&#8217;utilizzo dell&#8217;Applicazione e di essersi impegnato ad adottare tutte le precauzioni necessarie, ivi comprese, in particolare, le misure di sicurezza e\/o igiene utili al suo utilizzo.<\/p>\n\n\n\n<p>3.5. Studio Tergimax non \u00e8 responsabile dell&#8217;inadempimento da parte degli Utenti di eventuali obblighi di legge connessi all&#8217;utilizzo dell&#8217;Applicazione, in particolare nel caso in cui gli Utenti utilizzino l&#8217;Applicazione per praticare Touch For Health su terzi, purch\u00e9 Studio Tergimax non intervenga nel rapporto tra l&#8217;Utente e questi terzi.<\/p>\n\n\n\n<p>3.6. Studio Tergimax non potr\u00e0 essere ritenuto responsabile di eventuali incompatibilit\u00e0, malfunzionamenti o altri problemi tecnici tra l&#8217;utilizzo dei servizi dell&#8217;Applicazione e l&#8217;attrezzatura informatica dell&#8217;Utente.<\/p>\n\n\n\n<p>3.7. Studio Tergimax non potr\u00e0 in alcun modo essere ritenuta responsabile dei rischi di contaminazione da virus, tentativi di intrusione, ecc. che possono essere causati dall&#8217;utilizzo dell&#8217;Applicazione.<\/p>\n\n\n\n<p>3.8. Studio Tergimax si impegna a fare il possibile per garantire la continuit\u00e0 del servizio, ma \u00e8 soggetta solo ad un obbligo di mezzi. Studio Tergimax non fornisce alcuna garanzia espressa o implicita, ivi incluse, a titolo esemplificativo e non esaustivo, quelle relative alla continuit\u00e0 e alla durata dell&#8217;Applicazione, alle prestazioni dell&#8217;Applicazione, alla conformit\u00e0 o compatibilit\u00e0 dell&#8217;Applicazione per un uso specifico, alla qualit\u00e0 o all&#8217;assenza di difetti o anomalie nell&#8217;Applicazione, all&#8217;evasione e alla non violazione di leggi e regolamenti o delle presenti CGU dell&#8217;Applicazione da parte di altri Utenti.<\/p>\n\n\n\n<p>3.9. Gli Utenti riconoscono che l&#8217;utilizzo dell&#8217;Applicazione avviene a proprio rischio. L&#8217;Applicazione \u00e8 fornita &#8220;cos\u00ec com&#8217;\u00e8&#8221; ed \u00e8 accessibile senza alcuna garanzia di disponibilit\u00e0 o regolarit\u00e0. Studio Tergimax far\u00e0 il possibile per rendere l&#8217;Applicazione accessibile 24 ore su 24, sette giorni su sette, salvo casi di forza maggiore o eventi al di fuori del controllo di Studio Tergimax e soggetti a periodi di manutenzione, possibili guasti, pericoli tecnici legati alla natura della rete o ad atti di dolo o a qualsiasi danno all&#8217;hardware o al software di Studio Tergimax. Studio Tergimax pu\u00f2 interrompere, sospendere o modificare l&#8217;accesso all&#8217;Applicazione temporaneamente e senza preavviso, in particolare per motivi di sicurezza, per la ristrutturazione delle risorse della macchina, per la manutenzione o il miglioramento dell&#8217;Applicazione o per migliorare la disponibilit\u00e0 delle informazioni via Internet. Per quanto possibile, Studio Tergimax avviser\u00e0 l&#8217;Utente prima di tale interruzione dell&#8217;Applicazione. In ogni caso, Studio Tergimax far\u00e0 del suo meglio per garantire che l&#8217;interruzione interessi l&#8217;Utente il meno possibile. Studio Tergimax non potr\u00e0 essere ritenuta responsabile di eventuali danni causati da tali interruzioni, compresa la perdita di dati.<\/p>\n\n\n\n<p>3.10. Studio Tergimax non potr\u00e0 in alcun caso essere ritenuta responsabile a causa di un&#8217;interruzione di tutta o parte dell&#8217;Applicazione, qualunque sia la causa, la durata o la frequenza di tale interruzione.<\/p>\n\n\n\n<p>3.11. In nessun caso Studio Tergimax potr\u00e0 essere ritenuta responsabile in caso di colpa, inadempienza, omissione o negligenza dell&#8217;Utente, in caso di forza maggiore, eventi o incidenti al di fuori del controllo di Studio Tergimax, quali scioperi, disordini sociali, disastri naturali, incendi, ecc. nonch\u00e9 in caso di colpa, negligenza o omissione di terzi sui quali Studio Tergimax non ha alcun potere di controllo o supervisione.<\/p>\n\n\n\n<p>3.12. Nessun consiglio o informazione, orale o scritta, ottenuta dall&#8217;Utente dell&#8217;Applicazione \u00e8 suscettibile di creare garanzie non espressamente previste nelle presenti CGU.<\/p>\n\n\n\n<p>4. Obblighi degli Utenti<\/p>\n\n\n\n<p>4.1. L&#8217;Utente si impegna a rispettare le leggi vigenti nell&#8217;utilizzo dell&#8217;Applicazione.<\/p>\n\n\n\n<p>4.2. L&#8217;Utente \u00e8 l&#8217;unico responsabile dell&#8217;utilizzo dell&#8217;Applicazione e del corretto funzionamento delle proprie apparecchiature informatiche. L&#8217;Utente \u00e8 informato e accetta che l&#8217;utilizzo dell&#8217;Applicazione richiede la connessione a Internet e che la qualit\u00e0 dell&#8217;Applicazione dipende direttamente da tale connessione, di cui \u00e8 l&#8217;unico responsabile.<\/p>\n\n\n\n<p>4.3. L&#8217;Utente \u00e8 inoltre l&#8217;unico responsabile della protezione delle proprie apparecchiature informatiche contro qualsiasi rischio di contaminazione da virus, tentativi di intrusione, ecc.<\/p>\n\n\n\n<p>4.4 Accettando le presenti CGU e, pi\u00f9 in generale, utilizzando l&#8217;Applicazione, l&#8217;Utente riconosce di essere consapevole delle problematiche mediche connesse all&#8217;utilizzo dell&#8217;Applicazione e si impegna ad adottare tutte le precauzioni e le misure di sicurezza e\/o igiene necessarie per il suo utilizzo. L&#8217;Utente riconosce che l&#8217;Applicazione gli offre una soluzione aggiuntiva e non alternativa per beneficiare di uno strumento educativo che gli consenta di migliorare le proprie conoscenze e competenze professionali, e che tale soluzione non sostituisce alcun altro mezzo di cui l&#8217;Utente possa disporre per raggiungere lo stesso obiettivo. Inoltre, nel caso in cui l&#8217;Utente rilevi l&#8217;esistenza di informazioni inesatte o, pi\u00f9 in generale, di contenuti mancanti o contenenti errori, si impegna a informare Studio Tergimax nel pi\u00f9 breve tempo possibile, inviando una e-mail al seguente indirizzo: contact@Tergimax.com.<\/p>\n\n\n\n<p>4.5. L&#8217;utente si impegna a non tentare di compromettere il funzionamento dell&#8217;Applicazione.<\/p>\n\n\n\n<p>4.6. L&#8217;utilizzo dell&#8217;Applicazione \u00e8 vietato agli Utenti il cui accesso all&#8217;Applicazione sia stato volontariamente sospeso o rimosso da Studio Tergimax.<\/p>\n\n\n\n<p>4.7. In caso di conoscenza di azioni palesemente illecite da parte di un Utente e\/o in caso di violazione delle clausole delle presenti CGU e\/o di qualsiasi obbligo legale o normativo, Studio Tergimax pu\u00f2, immediatamente, senza preavviso o risarcimento, sospendere o interrompere l&#8217;accesso dell&#8217;Utente all&#8217;Applicazione e rifiutargli l&#8217;accesso, temporaneo o permanente, a tutta o parte dell&#8217;Applicazione. Studio Tergimax si riserva il diritto di perseguire davanti alle autorit\u00e0 legali competenti qualsiasi utilizzo dell&#8217;Applicazione non conforme alle presenti CGU. In caso di comportamento inappropriato da parte dell&#8217;Utente e\/o di mancato rispetto delle presenti CGU, valutato a esclusiva discrezione di Studio Tergimax, Studio Tergimax si riserva il diritto di sospendere o rimuovere l&#8217;accesso dell&#8217;Utente all&#8217;Applicazione, senza preavviso e senza alcun risarcimento. Studio Tergimax si riserva inoltre il diritto di perseguire davanti alle autorit\u00e0 legali competenti qualsiasi utilizzo dell&#8217;Applicazione non conforme alle presenti CGU.<\/p>\n\n\n\n<p>5. Comportamento vietato<\/p>\n\n\n\n<p>5.1 \u00c8 severamente vietato utilizzare l&#8217;Applicazione per i seguenti scopi: Svolgere attivit\u00e0 illegali o fraudolente o attivit\u00e0 che violino i diritti o la sicurezza di terzi; Minare l&#8217;ordine pubblico o violare le leggi e i regolamenti in vigore; Intromettersi nel sistema informatico di terzi o qualsiasi attivit\u00e0 di natura tale da danneggiare, controllare, interferire o intercettare in tutto o in parte il sistema informatico di terzi o violarne l&#8217;integrit\u00e0 o la sicurezza; E pi\u00f9 in generale, qualsiasi pratica che distolga l&#8217;Applicazione dalla sua finalit\u00e0.<\/p>\n\n\n\n<p>5.2 Agli utenti \u00e8 severamente vietato copiare e\/o appropriarsi indebitamente del concetto, delle tecnologie o di qualsiasi altro elemento dell&#8217;Applicazione per i propri scopi o per quelli di terzi.<\/p>\n\n\n\n<p>5.3. Sono altres\u00ec severamente vietati: qualsiasi comportamento che possa interrompere, sospendere, rallentare o impedire la continuit\u00e0 dell&#8217;Applicazione; qualsiasi intrusione o tentativo di intrusione nei sistemi di Studio Tergimax; qualsiasi appropriazione indebita delle risorse di sistema dell&#8217;Applicazione; qualsiasi atto che possa pregiudicare i diritti e gli interessi finanziari, commerciali o morali di Studio Tergimax o degli utenti dell&#8217;Applicazione; infine, pi\u00f9 in generale, qualsiasi violazione delle presenti CGU.<\/p>\n\n\n\n<p>5.4 \u00c8 severamente vietato monetizzare, vendere o concedere in tutto o in parte l&#8217;accesso all&#8217;Applicazione.<\/p>\n\n\n\n<p>6. Diritti di propriet\u00e0 intellettuale<\/p>\n\n\n\n<p>Senza che questo elenco sia esaustivo, il marchio &#8220;TFH Quiz&#8221; nonch\u00e9 i suoi derivati, i loghi, la carta grafica, il layout, le informazioni, la presentazione e il contenuto dell&#8217;Applicazione, compresi in particolare i testi e le informazioni, sono di propriet\u00e0 esclusiva di Studio Tergimax.<\/p>\n\n\n\n<p>I sistemi, i software, le strutture, le infrastrutture, le banche dati e i contenuti di qualsiasi tipo (testi, immagini, immagini, musica, loghi, marchi, banche dati, ecc.) utilizzati da Studio Tergimax nell&#8217;ambito dell&#8217;Applicazione sono altres\u00ec protetti da tutti i diritti di propriet\u00e0 intellettuale o dai diritti dei produttori di banche dati in vigore. Qualsiasi disassemblaggio, decompilazione, decrittazione, estrazione, riutilizzo, copia e, pi\u00f9 in generale, qualsiasi atto di riproduzione, rappresentazione, distribuzione e utilizzo di uno qualsiasi di questi elementi, in tutto o in parte, senza l&#8217;autorizzazione di Studio Tergimax \u00e8 severamente vietato e pu\u00f2 essere oggetto di azioni legali. \u00c8 severamente vietata qualsiasi riproduzione o rappresentazione, totale o parziale, dell&#8217;Applicazione o dei suoi componenti, quali, a titolo esemplificativo e non esaustivo, marchi, loghi, carta grafica, layout, informazioni, presentazione e contenuto dell&#8217;Applicazione. Il fatto che l&#8217;Utente abbia accesso all&#8217;Applicazione non implica alcun trasferimento di diritti di propriet\u00e0 intellettuale all&#8217;Utente.<\/p>\n\n\n\n<p>7. Lingua<\/p>\n\n\n\n<p>Nel caso in cui le presenti Condizioni Generali siano tradotte in una o pi\u00f9 lingue, la lingua di interpretazione sar\u00e0 il francese in caso di contraddizione o controversia sul significato di un termine o di una disposizione.<\/p>\n\n\n\n<p>8. Garanzie<\/p>\n\n\n\n<p>L&#8217;Utente garantisce Studio Tergimax contro qualsiasi reclamo, pretesa, azione e\/o richiesta che Studio Tergimax possa subire a causa della violazione da parte dell&#8217;Utente di uno qualsiasi dei suoi obblighi o garanzie ai sensi delle presenti condizioni generali. L&#8217;Utente si impegna a risarcire Studio Tergimax per qualsiasi pregiudizio che potrebbe subire e a pagare tutti i costi, gli oneri e\/o le multe che potrebbe dover sostenere di conseguenza.<\/p>\n\n\n\n<p>9. Non rinuncia<\/p>\n\n\n\n<p>Il fatto che Studio Tergimax non approfitti di una mancanza o di una violazione da parte dell&#8217;Utente di uno qualsiasi dei suoi obblighi contrattuali o legali non pu\u00f2 essere interpretato come una rinuncia al diritto di approfittare di tale mancanza o violazione. Il fatto che Studio Tergimax non si avvalga di una clausola delle CGU non implica in alcun modo la rinuncia al beneficio di tale clausola.<\/p>\n\n\n\n<p>10. Legge applicabile e giurisdizione<\/p>\n\n\n\n<p>Le presenti CGU sono disciplinate dalla legge francese. Qualsiasi controversia tra Studio Tergimax e un Utente, in particolare per quanto riguarda la formazione, l&#8217;esecuzione, l&#8217;interpretazione, la validit\u00e0, la cessazione o la risoluzione delle presenti CGU, anche per quanto riguarda i procedimenti conservativi, i procedimenti d&#8217;urgenza, in caso di procedimenti sommari, i ricorsi in garanzia, le petizioni o la pluralit\u00e0 di convenuti, sar\u00e0 soggetta alla giurisdizione dei tribunali della giurisdizione di Parigi, tranne nel caso in cui tale attribuzione di giurisdizione non sia applicabile a causa dello status di una delle parti o di una questione procedurale.<\/p>\n","protected":false},"excerpt":{"rendered":"<p>Termini e condizioni d&#8217;uso Condizioni generali di utilizzo dell&#8217;applicazione TFH Quiz (di seguito &#8220;CGU&#8221;) Studio Tergimax, SIRET 82846197000018, (di seguito &#8220;Studio Tergimax&#8221;) gestisce un&#8217;applicazione mobile denominata &#8220;TFH Quiz&#8221; (di seguito &#8220;l&#8217;Applicazione&#8221;). Questa applicazione offre agli utenti funzioni volte a facilitare lo studio di Touch For Health, i quali dichiarano di prendere tutte le precauzioni necessarie [&hellip;]<\/p>\n","protected":false},"author":1,"featured_media":0,"parent":0,"menu_order":0,"comment_status":"closed","ping_status":"closed","template":"","meta":{"footnotes":""},"class_list":["post-1002","page","type-page","status-publish","hentry"],"_links":{"self":[{"href":"https:\/\/www.tfhquiz.fr\/it\/wp-json\/wp\/v2\/pages\/1002","targetHints":{"allow":["GET"]}}],"collection":[{"href":"https:\/\/www.tfhquiz.fr\/it\/wp-json\/wp\/v2\/pages"}],"about":[{"href":"https:\/\/www.tfhquiz.fr\/it\/wp-json\/wp\/v2\/types\/page"}],"author":[{"embeddable":true,"href":"https:\/\/www.tfhquiz.fr\/it\/wp-json\/wp\/v2\/users\/1"}],"replies":[{"embeddable":true,"href":"https:\/\/www.tfhquiz.fr\/it\/wp-json\/wp\/v2\/comments?post=1002"}],"version-history":[{"count":2,"href":"https:\/\/www.tfhquiz.fr\/it\/wp-json\/wp\/v2\/pages\/1002\/revisions"}],"predecessor-version":[{"id":1016,"href":"https:\/\/www.tfhquiz.fr\/it\/wp-json\/wp\/v2\/pages\/1002\/revisions\/1016"}],"wp:attachment":[{"href":"https:\/\/www.tfhquiz.fr\/it\/wp-json\/wp\/v2\/media?parent=1002"}],"curies":[{"name":"wp","href":"https:\/\/api.w.org\/{rel}","templated":true}]}}