{"id":1010,"date":"2023-09-28T03:43:37","date_gmt":"2023-09-28T01:43:37","guid":{"rendered":"http:\/\/www.tfhquiz.fr\/wordpress\/politique-de-confidentialite-2\/"},"modified":"2023-09-28T04:06:53","modified_gmt":"2023-09-28T02:06:53","slug":"politique-de-confidentialite-2","status":"publish","type":"page","link":"https:\/\/www.tfhquiz.fr\/it\/politique-de-confidentialite-2\/","title":{"rendered":"Informativa sulla privacy"},"content":{"rendered":"\n<p>Informativa sulla privacy<\/p>\n\n\n\n<p>Il trattamento dei dati personali in conformit\u00e0 con la legge \u00e8 molto importante per noi, quindi l&#8217;applicazione non raccoglie alcuna informazione personale sull&#8217;utente finale dell&#8217;applicazione.<\/p>\n\n\n\n<p>&nbsp;Solo i dati statistici vengono raccolti e memorizzati in forma anonima sui server di analisi dei distributori Apple e Google, in conformit\u00e0 con il Regolamento generale sulla protezione dei dati (GDPR) \/ R\u00e8glement g\u00e9n\u00e9ral sur la protection des donn\u00e9es (RGPD).<\/p>\n\n\n\n<p>L&#8217;applicazione &#8220;Touch For Health-Quiz&#8221; \u00e8 un prodotto creato dallo studio Tergimax \/ contact@tergimax.com \/ Francia. che \u00e8 anche responsabile della raccolta, dell&#8217;elaborazione e dell&#8217;utilizzo dei dati statistici ai sensi dell&#8217;articolo 4, paragrafo 7 del GDPR.<\/p>\n\n\n\n<p>La presente informativa sulla privacy informa l&#8217;utente della nostra applicazione sulla natura, l&#8217;ambito e lo scopo della raccolta e dell&#8217;utilizzo dei dati personali da parte nostra.<\/p>\n\n\n\n<p>In genere raccogliamo e memorizziamo solo i dati necessari per il funzionamento dell&#8217;applicazione e per fornire l&#8217;applicazione Touch for health &#8211; Quiz. Per migliorare la qualit\u00e0 del servizio, raccogliamo e memorizziamo anche dati a fini statistici. Tuttavia, in questo modo si garantisce che non sia possibile stabilire un collegamento con l&#8217;account dell&#8217;utente, in modo da mantenere l&#8217;anonimato.<\/p>\n\n\n\n<p>In questa informativa sulla privacy, spieghiamo come raccogliamo e utilizziamo i dati quando si utilizza Touch for Health &#8211; Quiz e su quali basi legali ci\u00f2 avviene.<\/p>\n\n\n\n<p>2.A: Raccolta di informazioni<\/p>\n\n\n\n<p>Quando si utilizza l&#8217;applicazione Touch for Health &#8211; Quiz, i seguenti dati di accesso vengono raccolti e memorizzati in forma anonima su un server di analisi di Apple o Google:<\/p>\n\n\n\n<p>&#8211; Paese e citt\u00e0 in cui \u00e8 stata acquistata l&#8217;applicazione<\/p>\n\n\n\n<p>&#8211; Risoluzione del dispositivo finale dell&#8217;utente<\/p>\n\n\n\n<p>&nbsp;Versione dell&#8217;applicazione<\/p>\n\n\n\n<p>&#8211; sistema operativo<\/p>\n\n\n\n<p>&#8211; Lingua, definita sul terminale<\/p>\n\n\n\n<p>2.B :Dati personali<\/p>\n\n\n\n<p>Non vengono raccolti o memorizzati dati personali di alcun tipo. I dati personali sono informazioni individuali sulla situazione personale o di fatto di una persona specifica o identificabile. Questi dati non vengono elaborati dall&#8217;applicazione. L&#8217;applicazione Touch for health Quiz impedisce inoltre l&#8217;accesso ad altri dati memorizzati sul dispositivo (come l&#8217;elenco telefonico o l&#8217;elenco delle chiamate).<\/p>\n\n\n\n<p>3: I vostri diritti<\/p>\n\n\n\n<p>Finch\u00e9 sono soddisfatti i rispettivi requisiti di legge, in qualit\u00e0 di utente dell&#8217;applicazione Touch for health &#8211; Quiz, l&#8217;utente ha sempre i seguenti diritti<\/p>\n\n\n\n<p>-Ai sensi dell&#8217;art. 15 del RGPD: diritto all&#8217;informazione.<\/p>\n\n\n\n<p>-Ai sensi dell&#8217;art. 16 del RGPD: diritto alla rettifica o all&#8217;integrazione dei dati errati.<\/p>\n\n\n\n<p>-Ai sensi dell&#8217;art. 17 del RGPD: diritto alla cancellazione.<\/p>\n\n\n\n<p>-Ai sensi dell&#8217;art. 18 del GDPR: diritto di limitazione.<\/p>\n\n\n\n<p>-Ai sensi dell&#8217;art. 20 del GDPR: diritto alla portabilit\u00e0 dei dati.<\/p>\n\n\n\n<p>Ai sensi dell&#8217;art. 21 del GDPR: Diritto di opposizione\/revoca.<\/p>\n\n\n\n<p>-Ai sensi dell&#8217;art. 13, par. 2, lett. d del GDPR: diritto di ricorso all&#8217;autorit\u00e0 di controllo.<\/p>\n\n\n\n<p>4 :Contatto<\/p>\n\n\n\n<p>In caso di domande generali sulla presente informativa sulla privacy o sull&#8217;esercizio dei diritti di cui alla sezione 4 della presente informativa sulla privacy, si prega di contattarci:<\/p>\n\n\n\n<p>Via e-mail:<\/p>\n\n\n\n<p>Studio Tergimax<\/p>\n\n\n\n<p>contact@tergimax.com<\/p>\n\n\n\n<p>31300 Tolosa<\/p>\n\n\n\n<p>FRANCIA<\/p>\n","protected":false},"excerpt":{"rendered":"<p>Informativa sulla privacy Il trattamento dei dati personali in conformit\u00e0 con la legge \u00e8 molto importante per noi, quindi l&#8217;applicazione non raccoglie alcuna informazione personale sull&#8217;utente finale dell&#8217;applicazione. &nbsp;Solo i dati statistici vengono raccolti e memorizzati in forma anonima sui server di analisi dei distributori Apple e Google, in conformit\u00e0 con il Regolamento generale sulla [&hellip;]<\/p>\n","protected":false},"author":1,"featured_media":0,"parent":0,"menu_order":0,"comment_status":"closed","ping_status":"closed","template":"","meta":{"footnotes":""},"class_list":["post-1010","page","type-page","status-publish","hentry"],"_links":{"self":[{"href":"https:\/\/www.tfhquiz.fr\/it\/wp-json\/wp\/v2\/pages\/1010","targetHints":{"allow":["GET"]}}],"collection":[{"href":"https:\/\/www.tfhquiz.fr\/it\/wp-json\/wp\/v2\/pages"}],"about":[{"href":"https:\/\/www.tfhquiz.fr\/it\/wp-json\/wp\/v2\/types\/page"}],"author":[{"embeddable":true,"href":"https:\/\/www.tfhquiz.fr\/it\/wp-json\/wp\/v2\/users\/1"}],"replies":[{"embeddable":true,"href":"https:\/\/www.tfhquiz.fr\/it\/wp-json\/wp\/v2\/comments?post=1010"}],"version-history":[{"count":1,"href":"https:\/\/www.tfhquiz.fr\/it\/wp-json\/wp\/v2\/pages\/1010\/revisions"}],"predecessor-version":[{"id":1020,"href":"https:\/\/www.tfhquiz.fr\/it\/wp-json\/wp\/v2\/pages\/1010\/revisions\/1020"}],"wp:attachment":[{"href":"https:\/\/www.tfhquiz.fr\/it\/wp-json\/wp\/v2\/media?parent=1010"}],"curies":[{"name":"wp","href":"https:\/\/api.w.org\/{rel}","templated":true}]}}